{"id":76,"date":"2024-01-28T18:34:16","date_gmt":"2024-01-28T17:34:16","guid":{"rendered":"http:\/\/192.168.178.147\/?page_id=76"},"modified":"2026-02-10T07:59:05","modified_gmt":"2026-02-10T06:59:05","slug":"vorstand","status":"publish","type":"page","link":"https:\/\/schuetzenverein-koeditz.de\/index.php\/vorstand\/","title":{"rendered":"Vorstand"},"content":{"rendered":"\n<figure data-wp-context=\"{&quot;imageId&quot;:&quot;69fa156b3f103&quot;}\" data-wp-interactive=\"core\/image\" data-wp-key=\"69fa156b3f103\" class=\"wp-block-image size-full is-style-default wp-lightbox-container\"><img loading=\"lazy\" decoding=\"async\" width=\"1920\" height=\"1280\" data-wp-class--hide=\"state.isContentHidden\" data-wp-class--show=\"state.isContentVisible\" data-wp-init=\"callbacks.setButtonStyles\" data-wp-on--click=\"actions.showLightbox\" data-wp-on--load=\"callbacks.setButtonStyles\" data-wp-on-window--resize=\"callbacks.setButtonStyles\" src=\"https:\/\/schuetzenverein-koeditz.de\/wp-content\/uploads\/2026\/02\/2026-Neuwahlen.jpg\" alt=\"\" class=\"wp-image-4352\" style=\"object-fit:cover\" srcset=\"https:\/\/schuetzenverein-koeditz.de\/wp-content\/uploads\/2026\/02\/2026-Neuwahlen.jpg 1920w, https:\/\/schuetzenverein-koeditz.de\/wp-content\/uploads\/2026\/02\/2026-Neuwahlen-300x200.jpg 300w, https:\/\/schuetzenverein-koeditz.de\/wp-content\/uploads\/2026\/02\/2026-Neuwahlen-1024x683.jpg 1024w, https:\/\/schuetzenverein-koeditz.de\/wp-content\/uploads\/2026\/02\/2026-Neuwahlen-768x512.jpg 768w, https:\/\/schuetzenverein-koeditz.de\/wp-content\/uploads\/2026\/02\/2026-Neuwahlen-1536x1024.jpg 1536w\" sizes=\"auto, (max-width: 767px) 89vw, (max-width: 1000px) 54vw, (max-width: 1071px) 543px, 580px\" \/><button\n\t\t\tclass=\"lightbox-trigger\"\n\t\t\ttype=\"button\"\n\t\t\taria-haspopup=\"dialog\"\n\t\t\taria-label=\"Vergr\u00f6\u00dfern\"\n\t\t\tdata-wp-init=\"callbacks.initTriggerButton\"\n\t\t\tdata-wp-on--click=\"actions.showLightbox\"\n\t\t\tdata-wp-style--right=\"state.imageButtonRight\"\n\t\t\tdata-wp-style--top=\"state.imageButtonTop\"\n\t\t>\n\t\t\t<svg xmlns=\"http:\/\/www.w3.org\/2000\/svg\" width=\"12\" height=\"12\" fill=\"none\" viewBox=\"0 0 12 12\">\n\t\t\t\t<path fill=\"#fff\" d=\"M2 0a2 2 0 0 0-2 2v2h1.5V2a.5.5 0 0 1 .5-.5h2V0H2Zm2 10.5H2a.5.5 0 0 1-.5-.5V8H0v2a2 2 0 0 0 2 2h2v-1.5ZM8 12v-1.5h2a.5.5 0 0 0 .5-.5V8H12v2a2 2 0 0 1-2 2H8Zm2-12a2 2 0 0 1 2 2v2h-1.5V2a.5.5 0 0 0-.5-.5H8V0h2Z\" \/>\n\t\t\t<\/svg>\n\t\t<\/button><figcaption class=\"wp-element-caption\">Vorstand 2026, Nicht auf dem Bild: Andreas Frenkel<\/figcaption><\/figure>\n\n\n\n<h1 class=\"wp-block-heading\">Neuwahlen 2026<\/h1>\n\n\n\n<p>1.  Vorstand: Karin Meister<\/p>\n\n\n\n<p>2. Vorstand: Julian H\u00e4fner <\/p>\n\n\n\n<p>Hauptkassier: Mona Limmert <\/p>\n\n\n\n<p>Schriftf\u00fchrer: Helga M\u00fchlfriedel<\/p>\n\n\n\n<p>1. Sch\u00fctzenmeister: J\u00fcrgen Fickenscher<\/p>\n\n\n\n<p>2. Sch\u00fctzenmeister: Albert Kr\u00fcgel<\/p>\n\n\n\n<p>3. Sch\u00fctzenmeister: Kay Biewald<\/p>\n\n\n\n<h1 class=\"wp-block-heading\">Jugendleiter:<\/h1>\n\n\n\n<p>Erwin Heim, Julian H\u00e4fner, Lilly Weise<\/p>\n\n\n\n<h1 class=\"wp-block-heading\">Ausschuss:<\/h1>\n\n\n\n<p>Gerhard B\u00f6ckel, Andreas Frenkel, Nicol Hammerschmidt, Marion Wegner,<\/p>\n\n\n\n<p>&nbsp;Brigitte Limmert, Christine Durst<\/p>\n\n\n\n<h1 class=\"wp-block-heading\">Wirtschaftskassier: <\/h1>\n\n\n\n<p>Heike Guth<\/p>\n\n\n\n<h1 class=\"wp-block-heading\">Wirtschaftseinkauf: <\/h1>\n\n\n\n<p>Julia Wegner<\/p>\n","protected":false},"excerpt":{"rendered":"<p>Neuwahlen 2026 1. Vorstand: Karin Meister 2. Vorstand: Julian H\u00e4fner Hauptkassier: Mona Limmert Schriftf\u00fchrer: Helga M\u00fchlfriedel 1. Sch\u00fctzenmeister: J\u00fcrgen Fickenscher 2. Sch\u00fctzenmeister: Albert Kr\u00fcgel 3. Sch\u00fctzenmeister: Kay Biewald Jugendleiter: Erwin Heim, Julian H\u00e4fner, Lilly Weise Ausschuss: Gerhard B\u00f6ckel, Andreas Frenkel, Nicol Hammerschmidt, Marion Wegner, &nbsp;Brigitte Limmert, Christine Durst Wirtschaftskassier: Heike Guth Wirtschaftseinkauf: Julia Wegner<\/p>\n","protected":false},"author":1,"featured_media":0,"parent":0,"menu_order":0,"comment_status":"closed","ping_status":"closed","template":"","meta":{"ngg_post_thumbnail":0,"footnotes":""},"class_list":["post-76","page","type-page","status-publish","hentry"],"_links":{"self":[{"href":"https:\/\/schuetzenverein-koeditz.de\/index.php\/wp-json\/wp\/v2\/pages\/76","targetHints":{"allow":["GET"]}}],"collection":[{"href":"https:\/\/schuetzenverein-koeditz.de\/index.php\/wp-json\/wp\/v2\/pages"}],"about":[{"href":"https:\/\/schuetzenverein-koeditz.de\/index.php\/wp-json\/wp\/v2\/types\/page"}],"author":[{"embeddable":true,"href":"https:\/\/schuetzenverein-koeditz.de\/index.php\/wp-json\/wp\/v2\/users\/1"}],"replies":[{"embeddable":true,"href":"https:\/\/schuetzenverein-koeditz.de\/index.php\/wp-json\/wp\/v2\/comments?post=76"}],"version-history":[{"count":12,"href":"https:\/\/schuetzenverein-koeditz.de\/index.php\/wp-json\/wp\/v2\/pages\/76\/revisions"}],"predecessor-version":[{"id":4446,"href":"https:\/\/schuetzenverein-koeditz.de\/index.php\/wp-json\/wp\/v2\/pages\/76\/revisions\/4446"}],"wp:attachment":[{"href":"https:\/\/schuetzenverein-koeditz.de\/index.php\/wp-json\/wp\/v2\/media?parent=76"}],"curies":[{"name":"wp","href":"https:\/\/api.w.org\/{rel}","templated":true}]}}