{"id":68,"date":"2024-01-28T18:13:27","date_gmt":"2024-01-28T17:13:27","guid":{"rendered":"http:\/\/192.168.178.147\/?page_id=68"},"modified":"2026-02-15T17:29:56","modified_gmt":"2026-02-15T16:29:56","slug":"termine-2024","status":"publish","type":"page","link":"https:\/\/schuetzenverein-koeditz.de\/index.php\/termine-2024\/","title":{"rendered":"Termine 2026"},"content":{"rendered":"\n<h2 class=\"wp-block-heading\"><strong>Termine unserer Veranstaltungen 2026 :<\/strong><\/h2>\n\n\n\n<figure class=\"wp-block-table is-style-regular\"><table><tbody><tr><td>11. Januar 2026<\/td><td class=\"has-text-align-center\" data-align=\"center\"><strong>Jahreshauptversammlung<\/strong><\/td><\/tr><tr><td>01. Februar 2026, 14:00<\/td><td class=\"has-text-align-center\" data-align=\"center\"><strong>Kinderfasching<\/strong><\/td><\/tr><tr><td>19\/26. Februar 2026<\/td><td class=\"has-text-align-center\" data-align=\"center\"><strong>Sauschie\u00dfen<\/strong><\/td><\/tr><tr><td>01. M\u00e4rz 2026<\/td><td class=\"has-text-align-center\" data-align=\"center\"><strong>Sauschie\u00dfen<\/strong><\/td><\/tr><tr><td>14. M\u00e4rz 2026<\/td><td class=\"has-text-align-center\" data-align=\"center\"><strong>Sauessen<\/strong><\/td><\/tr><tr><td>20. M\u00e4rz 2026<\/td><td class=\"has-text-align-center\" data-align=\"center\"><strong>Mucken in K\u00f6ditz<\/strong><\/td><\/tr><tr><td>06. Juni 2026<\/td><td class=\"has-text-align-center\" data-align=\"center\"><strong>Flohmarkt<\/strong><\/td><\/tr><tr><td>07. Juni 2026<\/td><td class=\"has-text-align-center\" data-align=\"center\"><strong>Sch\u00fctzenfest mit B\u00fcrgerschie\u00dfen<\/strong><\/td><\/tr><tr><td>04. Juli 2026<\/td><td class=\"has-text-align-center\" data-align=\"center\"><strong>Sch\u00fctzenausflug<\/strong><\/td><\/tr><tr><td>10. Oktober 2026<\/td><td class=\"has-text-align-center\" data-align=\"center\"><strong>Haxenfest (Anmeldung erforderlich)<\/strong><\/td><\/tr><tr><td>November 2026<\/td><td class=\"has-text-align-center\" data-align=\"center\"><strong>Weihnachtsschie\u00dfen<br>mit<br>Vereinsmeisterschaft<\/strong><\/td><\/tr><tr><td>05. Dezember 2026<\/td><td class=\"has-text-align-center\" data-align=\"center\"><strong>Weihnachtsfeier<\/strong><\/td><\/tr><\/tbody><\/table><\/figure>\n\n\n\n<div class=\"wp-block-buttons is-horizontal is-content-justification-center is-layout-flex wp-container-core-buttons-is-layout-937ffba9 wp-block-buttons-is-layout-flex\">\n<div class=\"wp-block-button has-custom-width wp-block-button__width-75\"><a class=\"wp-block-button__link has-black-color has-vivid-green-cyan-background-color has-text-color has-background has-link-color has-medium-font-size has-custom-font-size wp-element-button\" href=\"https:\/\/schuetzenverein-koeditz.de\/index.php\/hauptschiessen-sommerfest\/\" style=\"border-radius:15px\">Info <br>Sch\u00fctzenfest, B\u00fcrgerschie\u00dfen, Flohmarkt<\/a><\/div>\n<\/div>\n\n\n\n<p><\/p>\n\n\n\n<p><\/p>\n\n\n\n<div class=\"wp-block-columns is-layout-flex wp-container-core-columns-is-layout-9d6595d7 wp-block-columns-is-layout-flex\">\n<div class=\"wp-block-column is-layout-flow wp-block-column-is-layout-flow\">\n<figure data-wp-context=\"{&quot;imageId&quot;:&quot;69fcc56b0e2fb&quot;}\" data-wp-interactive=\"core\/image\" data-wp-key=\"69fcc56b0e2fb\" class=\"wp-block-image size-full wp-lightbox-container\"><img loading=\"lazy\" decoding=\"async\" width=\"1810\" height=\"2560\" data-wp-class--hide=\"state.isContentHidden\" data-wp-class--show=\"state.isContentVisible\" data-wp-init=\"callbacks.setButtonStyles\" data-wp-on--click=\"actions.showLightbox\" data-wp-on--load=\"callbacks.setButtonStyles\" data-wp-on-window--resize=\"callbacks.setButtonStyles\" src=\"https:\/\/schuetzenverein-koeditz.de\/wp-content\/uploads\/2026\/02\/Plakat-Schuetzenfest-2026-scaled.jpg\" alt=\"\" class=\"wp-image-4492\" srcset=\"https:\/\/schuetzenverein-koeditz.de\/wp-content\/uploads\/2026\/02\/Plakat-Schuetzenfest-2026-scaled.jpg 1810w, https:\/\/schuetzenverein-koeditz.de\/wp-content\/uploads\/2026\/02\/Plakat-Schuetzenfest-2026-212x300.jpg 212w, https:\/\/schuetzenverein-koeditz.de\/wp-content\/uploads\/2026\/02\/Plakat-Schuetzenfest-2026-724x1024.jpg 724w, https:\/\/schuetzenverein-koeditz.de\/wp-content\/uploads\/2026\/02\/Plakat-Schuetzenfest-2026-768x1086.jpg 768w, https:\/\/schuetzenverein-koeditz.de\/wp-content\/uploads\/2026\/02\/Plakat-Schuetzenfest-2026-1086x1536.jpg 1086w, https:\/\/schuetzenverein-koeditz.de\/wp-content\/uploads\/2026\/02\/Plakat-Schuetzenfest-2026-1448x2048.jpg 1448w\" sizes=\"auto, (max-width: 767px) 89vw, (max-width: 1000px) 54vw, (max-width: 1071px) 543px, 580px\" \/><button\n\t\t\tclass=\"lightbox-trigger\"\n\t\t\ttype=\"button\"\n\t\t\taria-haspopup=\"dialog\"\n\t\t\taria-label=\"Vergr\u00f6\u00dfern\"\n\t\t\tdata-wp-init=\"callbacks.initTriggerButton\"\n\t\t\tdata-wp-on--click=\"actions.showLightbox\"\n\t\t\tdata-wp-style--right=\"state.imageButtonRight\"\n\t\t\tdata-wp-style--top=\"state.imageButtonTop\"\n\t\t>\n\t\t\t<svg xmlns=\"http:\/\/www.w3.org\/2000\/svg\" width=\"12\" height=\"12\" fill=\"none\" viewBox=\"0 0 12 12\">\n\t\t\t\t<path fill=\"#fff\" d=\"M2 0a2 2 0 0 0-2 2v2h1.5V2a.5.5 0 0 1 .5-.5h2V0H2Zm2 10.5H2a.5.5 0 0 1-.5-.5V8H0v2a2 2 0 0 0 2 2h2v-1.5ZM8 12v-1.5h2a.5.5 0 0 0 .5-.5V8H12v2a2 2 0 0 1-2 2H8Zm2-12a2 2 0 0 1 2 2v2h-1.5V2a.5.5 0 0 0-.5-.5H8V0h2Z\" \/>\n\t\t\t<\/svg>\n\t\t<\/button><figcaption class=\"wp-element-caption\"><br>Zum Vergr\u00f6\u00dfern per Klick<\/figcaption><\/figure>\n<\/div>\n\n\n\n<div class=\"wp-block-column is-layout-flow wp-block-column-is-layout-flow\">\n<figure data-wp-context=\"{&quot;imageId&quot;:&quot;69fcc56b0ef5c&quot;}\" data-wp-interactive=\"core\/image\" data-wp-key=\"69fcc56b0ef5c\" class=\"wp-block-image size-full wp-lightbox-container\"><img loading=\"lazy\" decoding=\"async\" width=\"1354\" height=\"1920\" data-wp-class--hide=\"state.isContentHidden\" data-wp-class--show=\"state.isContentVisible\" data-wp-init=\"callbacks.setButtonStyles\" data-wp-on--click=\"actions.showLightbox\" data-wp-on--load=\"callbacks.setButtonStyles\" data-wp-on-window--resize=\"callbacks.setButtonStyles\" src=\"https:\/\/schuetzenverein-koeditz.de\/wp-content\/uploads\/2026\/02\/2026-Anzeige_Buergerschiessen_Gemeindebrief-2026.jpg\" alt=\"\" class=\"wp-image-4448\" srcset=\"https:\/\/schuetzenverein-koeditz.de\/wp-content\/uploads\/2026\/02\/2026-Anzeige_Buergerschiessen_Gemeindebrief-2026.jpg 1354w, https:\/\/schuetzenverein-koeditz.de\/wp-content\/uploads\/2026\/02\/2026-Anzeige_Buergerschiessen_Gemeindebrief-2026-212x300.jpg 212w, https:\/\/schuetzenverein-koeditz.de\/wp-content\/uploads\/2026\/02\/2026-Anzeige_Buergerschiessen_Gemeindebrief-2026-722x1024.jpg 722w, https:\/\/schuetzenverein-koeditz.de\/wp-content\/uploads\/2026\/02\/2026-Anzeige_Buergerschiessen_Gemeindebrief-2026-768x1089.jpg 768w, https:\/\/schuetzenverein-koeditz.de\/wp-content\/uploads\/2026\/02\/2026-Anzeige_Buergerschiessen_Gemeindebrief-2026-1083x1536.jpg 1083w\" sizes=\"auto, (max-width: 767px) 89vw, (max-width: 1000px) 54vw, (max-width: 1071px) 543px, 580px\" \/><button\n\t\t\tclass=\"lightbox-trigger\"\n\t\t\ttype=\"button\"\n\t\t\taria-haspopup=\"dialog\"\n\t\t\taria-label=\"Vergr\u00f6\u00dfern\"\n\t\t\tdata-wp-init=\"callbacks.initTriggerButton\"\n\t\t\tdata-wp-on--click=\"actions.showLightbox\"\n\t\t\tdata-wp-style--right=\"state.imageButtonRight\"\n\t\t\tdata-wp-style--top=\"state.imageButtonTop\"\n\t\t>\n\t\t\t<svg xmlns=\"http:\/\/www.w3.org\/2000\/svg\" width=\"12\" height=\"12\" fill=\"none\" viewBox=\"0 0 12 12\">\n\t\t\t\t<path fill=\"#fff\" d=\"M2 0a2 2 0 0 0-2 2v2h1.5V2a.5.5 0 0 1 .5-.5h2V0H2Zm2 10.5H2a.5.5 0 0 1-.5-.5V8H0v2a2 2 0 0 0 2 2h2v-1.5ZM8 12v-1.5h2a.5.5 0 0 0 .5-.5V8H12v2a2 2 0 0 1-2 2H8Zm2-12a2 2 0 0 1 2 2v2h-1.5V2a.5.5 0 0 0-.5-.5H8V0h2Z\" \/>\n\t\t\t<\/svg>\n\t\t<\/button><figcaption class=\"wp-element-caption\"><br>Zum Vergr\u00f6\u00dfern per Klick<\/figcaption><\/figure>\n<\/div>\n<\/div>\n\n\n\n<figure data-wp-context=\"{&quot;imageId&quot;:&quot;69fcc56b0fbfb&quot;}\" data-wp-interactive=\"core\/image\" data-wp-key=\"69fcc56b0fbfb\" class=\"wp-block-image size-large is-resized wp-lightbox-container\"><img loading=\"lazy\" decoding=\"async\" width=\"1024\" height=\"1024\" data-wp-class--hide=\"state.isContentHidden\" data-wp-class--show=\"state.isContentVisible\" data-wp-init=\"callbacks.setButtonStyles\" data-wp-on--click=\"actions.showLightbox\" data-wp-on--load=\"callbacks.setButtonStyles\" data-wp-on-window--resize=\"callbacks.setButtonStyles\" src=\"https:\/\/schuetzenverein-koeditz.de\/wp-content\/uploads\/2026\/01\/IMG-20260104-WA0008-1024x1024.jpg\" alt=\"\" class=\"wp-image-4343\" style=\"width:304px;height:auto\" srcset=\"https:\/\/schuetzenverein-koeditz.de\/wp-content\/uploads\/2026\/01\/IMG-20260104-WA0008-1024x1024.jpg 1024w, https:\/\/schuetzenverein-koeditz.de\/wp-content\/uploads\/2026\/01\/IMG-20260104-WA0008-300x300.jpg 300w, https:\/\/schuetzenverein-koeditz.de\/wp-content\/uploads\/2026\/01\/IMG-20260104-WA0008-150x150.jpg 150w, https:\/\/schuetzenverein-koeditz.de\/wp-content\/uploads\/2026\/01\/IMG-20260104-WA0008-768x768.jpg 768w, https:\/\/schuetzenverein-koeditz.de\/wp-content\/uploads\/2026\/01\/IMG-20260104-WA0008-100x100.jpg 100w, https:\/\/schuetzenverein-koeditz.de\/wp-content\/uploads\/2026\/01\/IMG-20260104-WA0008.jpg 1280w\" sizes=\"auto, (max-width: 767px) 89vw, (max-width: 1000px) 54vw, (max-width: 1071px) 543px, 580px\" \/><button\n\t\t\tclass=\"lightbox-trigger\"\n\t\t\ttype=\"button\"\n\t\t\taria-haspopup=\"dialog\"\n\t\t\taria-label=\"Vergr\u00f6\u00dfern\"\n\t\t\tdata-wp-init=\"callbacks.initTriggerButton\"\n\t\t\tdata-wp-on--click=\"actions.showLightbox\"\n\t\t\tdata-wp-style--right=\"state.imageButtonRight\"\n\t\t\tdata-wp-style--top=\"state.imageButtonTop\"\n\t\t>\n\t\t\t<svg xmlns=\"http:\/\/www.w3.org\/2000\/svg\" width=\"12\" height=\"12\" fill=\"none\" viewBox=\"0 0 12 12\">\n\t\t\t\t<path fill=\"#fff\" d=\"M2 0a2 2 0 0 0-2 2v2h1.5V2a.5.5 0 0 1 .5-.5h2V0H2Zm2 10.5H2a.5.5 0 0 1-.5-.5V8H0v2a2 2 0 0 0 2 2h2v-1.5ZM8 12v-1.5h2a.5.5 0 0 0 .5-.5V8H12v2a2 2 0 0 1-2 2H8Zm2-12a2 2 0 0 1 2 2v2h-1.5V2a.5.5 0 0 0-.5-.5H8V0h2Z\" \/>\n\t\t\t<\/svg>\n\t\t<\/button><\/figure>\n\n\n\n<p><\/p>\n","protected":false},"excerpt":{"rendered":"<p>Termine unserer Veranstaltungen 2026 : 11. Januar 2026 Jahreshauptversammlung 01. Februar 2026, 14:00 Kinderfasching 19\/26. Februar 2026 Sauschie\u00dfen 01. M\u00e4rz 2026 Sauschie\u00dfen 14. M\u00e4rz 2026 Sauessen 20. M\u00e4rz 2026 Mucken in K\u00f6ditz 06. Juni 2026 Flohmarkt 07. Juni 2026 Sch\u00fctzenfest mit B\u00fcrgerschie\u00dfen 04. Juli 2026 Sch\u00fctzenausflug 10. Oktober 2026 Haxenfest (Anmeldung erforderlich) November 2026 Weihnachtsschie\u00dfenmitVereinsmeisterschaft &hellip; <\/p>\n<p class=\"link-more\"><a href=\"https:\/\/schuetzenverein-koeditz.de\/index.php\/termine-2024\/\" class=\"more-link\"><span class=\"screen-reader-text\">\u201eTermine 2026\u201c <\/span>weiterlesen<\/a><\/p>\n","protected":false},"author":1,"featured_media":0,"parent":0,"menu_order":0,"comment_status":"closed","ping_status":"closed","template":"","meta":{"ngg_post_thumbnail":0,"footnotes":""},"class_list":["post-68","page","type-page","status-publish","hentry"],"_links":{"self":[{"href":"https:\/\/schuetzenverein-koeditz.de\/index.php\/wp-json\/wp\/v2\/pages\/68","targetHints":{"allow":["GET"]}}],"collection":[{"href":"https:\/\/schuetzenverein-koeditz.de\/index.php\/wp-json\/wp\/v2\/pages"}],"about":[{"href":"https:\/\/schuetzenverein-koeditz.de\/index.php\/wp-json\/wp\/v2\/types\/page"}],"author":[{"embeddable":true,"href":"https:\/\/schuetzenverein-koeditz.de\/index.php\/wp-json\/wp\/v2\/users\/1"}],"replies":[{"embeddable":true,"href":"https:\/\/schuetzenverein-koeditz.de\/index.php\/wp-json\/wp\/v2\/comments?post=68"}],"version-history":[{"count":43,"href":"https:\/\/schuetzenverein-koeditz.de\/index.php\/wp-json\/wp\/v2\/pages\/68\/revisions"}],"predecessor-version":[{"id":4504,"href":"https:\/\/schuetzenverein-koeditz.de\/index.php\/wp-json\/wp\/v2\/pages\/68\/revisions\/4504"}],"wp:attachment":[{"href":"https:\/\/schuetzenverein-koeditz.de\/index.php\/wp-json\/wp\/v2\/media?parent=68"}],"curies":[{"name":"wp","href":"https:\/\/api.w.org\/{rel}","templated":true}]}}