{"id":51,"date":"2024-01-28T18:05:09","date_gmt":"2024-01-28T17:05:09","guid":{"rendered":"http:\/\/192.168.178.147\/?page_id=51"},"modified":"2026-04-14T22:40:12","modified_gmt":"2026-04-14T20:40:12","slug":"hauptschiessen-sommerfest","status":"publish","type":"page","link":"https:\/\/schuetzenverein-koeditz.de\/index.php\/hauptschiessen-sommerfest\/","title":{"rendered":"Sch\u00fctzenfest, B\u00fcrgerschie\u00dfen, Flohmarkt"},"content":{"rendered":"\n<h2 class=\"wp-block-heading\" style=\"font-size:30px\"><strong>Flohmarkt<\/strong><\/h2>\n\n\n\n<p><strong>Samstag<\/strong> den 06 Juni 2026 ab 9 &#8211; 15 Uhr Flohmarkt am Sch\u00fctzenplatz. <br>Anmeldung mit Formular unter <mark style=\"background-color:rgba(0, 0, 0, 0)\" class=\"has-inline-color has-vivid-cyan-blue-color\">Flohmarkt@tws-hof.de<\/mark><\/p>\n\n\n\n<p>Anmeldung Formular :<\/p>\n\n\n\n<div class=\"wp-block-file\"><a id=\"wp-block-file--media-c18423ac-3fc8-4042-a302-56c088bdf614\" href=\"https:\/\/schuetzenverein-koeditz.de\/wp-content\/uploads\/2026\/03\/2026_Anmeldung-Flohmarkt-SV-Koeditz.pdf\" target=\"_blank\" rel=\"noreferrer noopener\">2026_Anmeldung Flohmarkt SV Ko\u0308ditz<\/a><a href=\"https:\/\/schuetzenverein-koeditz.de\/wp-content\/uploads\/2026\/03\/2026_Anmeldung-Flohmarkt-SV-Koeditz.pdf\" class=\"wp-block-file__button wp-element-button\" download aria-describedby=\"wp-block-file--media-c18423ac-3fc8-4042-a302-56c088bdf614\">Herunterladen<\/a><\/div>\n\n\n\n<h2 class=\"wp-block-heading\" style=\"font-size:30px\"><strong>B\u00fcrgerschie\u00dfen <\/strong><\/h2>\n\n\n\n<p>B\u00fcrgerschie\u00dfen f\u00fcr jedermann \ud83d\ude42 Mitmachen statt zuschauen<br><strong>Samstag<\/strong> den 06 Juni 2026 ab 9 &#8211; 15 Uhr<br><strong>Sonntag<\/strong> den 07 Juni 2026 ab 14 &#8211; 17 Uhr, 19 Uhr Preisverteilung<\/p>\n\n\n\n<p>Die ersten 3 Pl\u00e4tze gewinnen Preise in der Einzel oder Mannschaftswertung.<br>Es k\u00f6nnen Mannschaften aus 3 Personen gebildet werden, die zus\u00e4tzlich einen Wanderpokal ausschie\u00dfen.<br>F\u00fcr kleine Sch\u00fctzen bieten wir die M\u00f6glichkeit mit den Lichtpunktgewehr zu schie\u00dfen (ohne Kugel).<\/p>\n\n\n\n<p><\/p>\n\n\n\n<div class=\"wp-block-buttons has-custom-font-size has-small-font-size is-horizontal is-content-justification-center is-layout-flex wp-container-core-buttons-is-layout-769315fb wp-block-buttons-is-layout-flex\">\n<div class=\"wp-block-button has-custom-width wp-block-button__width-75 is-style-fill\"><a class=\"wp-block-button__link has-black-color has-vivid-green-cyan-background-color has-text-color has-background has-link-color has-small-font-size has-text-align-center has-custom-font-size wp-element-button\" href=\"https:\/\/forms.gle\/peWbbhoJQXXdToGj7\" target=\"_blank\" rel=\"noreferrer noopener\">Meldung Mannschaften<\/a><\/div>\n<\/div>\n\n\n\n<p><\/p>\n\n\n\n<div class=\"wp-block-file aligncenter\"><a id=\"wp-block-file--media-30fc470c-7533-4abb-924a-f5eb279af42c\" href=\"https:\/\/schuetzenverein-koeditz.de\/wp-content\/uploads\/2026\/02\/2026-Anzeige_Buergerschiessen_Gemeindebrief-2026.jpg\" target=\"_blank\" rel=\"noreferrer noopener\">2026-Anzeige_B\u00fcrgerschie\u00dfen_Gemeindebrief-2026<\/a><\/div>\n\n\n\n<h2 class=\"wp-block-heading\" style=\"font-size:30px\"><strong>Sch\u00fctzenfest<\/strong><\/h2>\n\n\n\n<p><strong>Sonntag<\/strong> den 07 Juni 2026 ab 10 &#8211; 12 Uhr Wei\u00dfwurstfr\u00fchst\u00fcck.<br>Ab 14 Uhr Festbetrieb Sch\u00fctzenfest.<\/p>\n\n\n\n<p>Am Sch\u00fctzenfest bieten wir:<br>Schie\u00dfen mit Lichtpunkt Gewehr, Spiel und Spa\u00df f\u00fcr Kids (H\u00fcpfburg, Dosen-werfen etc.).<br><\/p>\n\n\n\n<p>F\u00fcr das leibliche Wohl ist bestens gesorgt:<br>Bratwurst, Steaks, Fischbr\u00f6tchen, Belegte Stangen.<\/p>\n\n\n\n<div class=\"wp-block-columns is-layout-flex wp-container-core-columns-is-layout-9d6595d7 wp-block-columns-is-layout-flex\">\n<div class=\"wp-block-column is-layout-flow wp-block-column-is-layout-flow\">\n<figure data-wp-context=\"{&quot;imageId&quot;:&quot;69ff0f1f7c9d4&quot;}\" data-wp-interactive=\"core\/image\" data-wp-key=\"69ff0f1f7c9d4\" class=\"wp-block-image size-full wp-lightbox-container\"><img loading=\"lazy\" decoding=\"async\" width=\"1810\" height=\"2560\" data-wp-class--hide=\"state.isContentHidden\" data-wp-class--show=\"state.isContentVisible\" data-wp-init=\"callbacks.setButtonStyles\" data-wp-on--click=\"actions.showLightbox\" data-wp-on--load=\"callbacks.setButtonStyles\" data-wp-on-window--resize=\"callbacks.setButtonStyles\" src=\"https:\/\/schuetzenverein-koeditz.de\/wp-content\/uploads\/2026\/02\/Plakat-Schuetzenfest-2026-scaled.jpg\" alt=\"\" class=\"wp-image-4492\" srcset=\"https:\/\/schuetzenverein-koeditz.de\/wp-content\/uploads\/2026\/02\/Plakat-Schuetzenfest-2026-scaled.jpg 1810w, https:\/\/schuetzenverein-koeditz.de\/wp-content\/uploads\/2026\/02\/Plakat-Schuetzenfest-2026-212x300.jpg 212w, https:\/\/schuetzenverein-koeditz.de\/wp-content\/uploads\/2026\/02\/Plakat-Schuetzenfest-2026-724x1024.jpg 724w, https:\/\/schuetzenverein-koeditz.de\/wp-content\/uploads\/2026\/02\/Plakat-Schuetzenfest-2026-768x1086.jpg 768w, https:\/\/schuetzenverein-koeditz.de\/wp-content\/uploads\/2026\/02\/Plakat-Schuetzenfest-2026-1086x1536.jpg 1086w, https:\/\/schuetzenverein-koeditz.de\/wp-content\/uploads\/2026\/02\/Plakat-Schuetzenfest-2026-1448x2048.jpg 1448w\" sizes=\"auto, (max-width: 767px) 89vw, (max-width: 1000px) 54vw, (max-width: 1071px) 543px, 580px\" \/><button\n\t\t\tclass=\"lightbox-trigger\"\n\t\t\ttype=\"button\"\n\t\t\taria-haspopup=\"dialog\"\n\t\t\taria-label=\"Vergr\u00f6\u00dfern\"\n\t\t\tdata-wp-init=\"callbacks.initTriggerButton\"\n\t\t\tdata-wp-on--click=\"actions.showLightbox\"\n\t\t\tdata-wp-style--right=\"state.imageButtonRight\"\n\t\t\tdata-wp-style--top=\"state.imageButtonTop\"\n\t\t>\n\t\t\t<svg xmlns=\"http:\/\/www.w3.org\/2000\/svg\" width=\"12\" height=\"12\" fill=\"none\" viewBox=\"0 0 12 12\">\n\t\t\t\t<path fill=\"#fff\" d=\"M2 0a2 2 0 0 0-2 2v2h1.5V2a.5.5 0 0 1 .5-.5h2V0H2Zm2 10.5H2a.5.5 0 0 1-.5-.5V8H0v2a2 2 0 0 0 2 2h2v-1.5ZM8 12v-1.5h2a.5.5 0 0 0 .5-.5V8H12v2a2 2 0 0 1-2 2H8Zm2-12a2 2 0 0 1 2 2v2h-1.5V2a.5.5 0 0 0-.5-.5H8V0h2Z\" \/>\n\t\t\t<\/svg>\n\t\t<\/button><figcaption class=\"wp-element-caption\"><br>Zum Vergr\u00f6\u00dfern per Klick<\/figcaption><\/figure>\n\n\n\n<figure data-wp-context=\"{&quot;imageId&quot;:&quot;69ff0f1f7d4db&quot;}\" data-wp-interactive=\"core\/image\" data-wp-key=\"69ff0f1f7d4db\" class=\"wp-block-image size-full wp-lightbox-container\"><img loading=\"lazy\" decoding=\"async\" width=\"451\" height=\"640\" data-wp-class--hide=\"state.isContentHidden\" data-wp-class--show=\"state.isContentVisible\" data-wp-init=\"callbacks.setButtonStyles\" data-wp-on--click=\"actions.showLightbox\" data-wp-on--load=\"callbacks.setButtonStyles\" data-wp-on-window--resize=\"callbacks.setButtonStyles\" src=\"https:\/\/schuetzenverein-koeditz.de\/wp-content\/uploads\/2026\/04\/IMG-20260323-WA0000.jpg\" alt=\"\" class=\"wp-image-4570\" srcset=\"https:\/\/schuetzenverein-koeditz.de\/wp-content\/uploads\/2026\/04\/IMG-20260323-WA0000.jpg 451w, https:\/\/schuetzenverein-koeditz.de\/wp-content\/uploads\/2026\/04\/IMG-20260323-WA0000-211x300.jpg 211w\" sizes=\"auto, (max-width: 451px) 100vw, 451px\" \/><button\n\t\t\tclass=\"lightbox-trigger\"\n\t\t\ttype=\"button\"\n\t\t\taria-haspopup=\"dialog\"\n\t\t\taria-label=\"Vergr\u00f6\u00dfern\"\n\t\t\tdata-wp-init=\"callbacks.initTriggerButton\"\n\t\t\tdata-wp-on--click=\"actions.showLightbox\"\n\t\t\tdata-wp-style--right=\"state.imageButtonRight\"\n\t\t\tdata-wp-style--top=\"state.imageButtonTop\"\n\t\t>\n\t\t\t<svg xmlns=\"http:\/\/www.w3.org\/2000\/svg\" width=\"12\" height=\"12\" fill=\"none\" viewBox=\"0 0 12 12\">\n\t\t\t\t<path fill=\"#fff\" d=\"M2 0a2 2 0 0 0-2 2v2h1.5V2a.5.5 0 0 1 .5-.5h2V0H2Zm2 10.5H2a.5.5 0 0 1-.5-.5V8H0v2a2 2 0 0 0 2 2h2v-1.5ZM8 12v-1.5h2a.5.5 0 0 0 .5-.5V8H12v2a2 2 0 0 1-2 2H8Zm2-12a2 2 0 0 1 2 2v2h-1.5V2a.5.5 0 0 0-.5-.5H8V0h2Z\" \/>\n\t\t\t<\/svg>\n\t\t<\/button><figcaption class=\"wp-element-caption\"><br>Zum Vergr\u00f6\u00dfern per Klick<\/figcaption><\/figure>\n<\/div>\n\n\n\n<div class=\"wp-block-column is-layout-flow wp-block-column-is-layout-flow\">\n<figure data-wp-context=\"{&quot;imageId&quot;:&quot;69ff0f1f7e072&quot;}\" data-wp-interactive=\"core\/image\" data-wp-key=\"69ff0f1f7e072\" class=\"wp-block-image size-full wp-lightbox-container\"><img loading=\"lazy\" decoding=\"async\" width=\"1354\" height=\"1920\" data-wp-class--hide=\"state.isContentHidden\" data-wp-class--show=\"state.isContentVisible\" data-wp-init=\"callbacks.setButtonStyles\" data-wp-on--click=\"actions.showLightbox\" data-wp-on--load=\"callbacks.setButtonStyles\" data-wp-on-window--resize=\"callbacks.setButtonStyles\" src=\"https:\/\/schuetzenverein-koeditz.de\/wp-content\/uploads\/2026\/02\/2026-Anzeige_Buergerschiessen_Gemeindebrief-2026.jpg\" alt=\"\" class=\"wp-image-4448\" srcset=\"https:\/\/schuetzenverein-koeditz.de\/wp-content\/uploads\/2026\/02\/2026-Anzeige_Buergerschiessen_Gemeindebrief-2026.jpg 1354w, https:\/\/schuetzenverein-koeditz.de\/wp-content\/uploads\/2026\/02\/2026-Anzeige_Buergerschiessen_Gemeindebrief-2026-212x300.jpg 212w, https:\/\/schuetzenverein-koeditz.de\/wp-content\/uploads\/2026\/02\/2026-Anzeige_Buergerschiessen_Gemeindebrief-2026-722x1024.jpg 722w, https:\/\/schuetzenverein-koeditz.de\/wp-content\/uploads\/2026\/02\/2026-Anzeige_Buergerschiessen_Gemeindebrief-2026-768x1089.jpg 768w, https:\/\/schuetzenverein-koeditz.de\/wp-content\/uploads\/2026\/02\/2026-Anzeige_Buergerschiessen_Gemeindebrief-2026-1083x1536.jpg 1083w\" sizes=\"auto, (max-width: 767px) 89vw, (max-width: 1000px) 54vw, (max-width: 1071px) 543px, 580px\" \/><button\n\t\t\tclass=\"lightbox-trigger\"\n\t\t\ttype=\"button\"\n\t\t\taria-haspopup=\"dialog\"\n\t\t\taria-label=\"Vergr\u00f6\u00dfern\"\n\t\t\tdata-wp-init=\"callbacks.initTriggerButton\"\n\t\t\tdata-wp-on--click=\"actions.showLightbox\"\n\t\t\tdata-wp-style--right=\"state.imageButtonRight\"\n\t\t\tdata-wp-style--top=\"state.imageButtonTop\"\n\t\t>\n\t\t\t<svg xmlns=\"http:\/\/www.w3.org\/2000\/svg\" width=\"12\" height=\"12\" fill=\"none\" viewBox=\"0 0 12 12\">\n\t\t\t\t<path fill=\"#fff\" d=\"M2 0a2 2 0 0 0-2 2v2h1.5V2a.5.5 0 0 1 .5-.5h2V0H2Zm2 10.5H2a.5.5 0 0 1-.5-.5V8H0v2a2 2 0 0 0 2 2h2v-1.5ZM8 12v-1.5h2a.5.5 0 0 0 .5-.5V8H12v2a2 2 0 0 1-2 2H8Zm2-12a2 2 0 0 1 2 2v2h-1.5V2a.5.5 0 0 0-.5-.5H8V0h2Z\" \/>\n\t\t\t<\/svg>\n\t\t<\/button><figcaption class=\"wp-element-caption\"><br>Zum Vergr\u00f6\u00dfern per Klick<\/figcaption><\/figure>\n<\/div>\n<\/div>\n\n\n\n<p><\/p>\n","protected":false},"excerpt":{"rendered":"<p>Flohmarkt Samstag den 06 Juni 2026 ab 9 &#8211; 15 Uhr Flohmarkt am Sch\u00fctzenplatz. Anmeldung mit Formular unter Flohmarkt@tws-hof.de Anmeldung Formular : B\u00fcrgerschie\u00dfen B\u00fcrgerschie\u00dfen f\u00fcr jedermann \ud83d\ude42 Mitmachen statt zuschauenSamstag den 06 Juni 2026 ab 9 &#8211; 15 UhrSonntag den 07 Juni 2026 ab 14 &#8211; 17 Uhr, 19 Uhr Preisverteilung Die ersten 3 Pl\u00e4tze &hellip; <\/p>\n<p class=\"link-more\"><a href=\"https:\/\/schuetzenverein-koeditz.de\/index.php\/hauptschiessen-sommerfest\/\" class=\"more-link\"><span class=\"screen-reader-text\">\u201eSch\u00fctzenfest, B\u00fcrgerschie\u00dfen, Flohmarkt\u201c <\/span>weiterlesen<\/a><\/p>\n","protected":false},"author":1,"featured_media":0,"parent":0,"menu_order":0,"comment_status":"closed","ping_status":"closed","template":"","meta":{"ngg_post_thumbnail":0,"footnotes":""},"class_list":["post-51","page","type-page","status-publish","hentry"],"_links":{"self":[{"href":"https:\/\/schuetzenverein-koeditz.de\/index.php\/wp-json\/wp\/v2\/pages\/51","targetHints":{"allow":["GET"]}}],"collection":[{"href":"https:\/\/schuetzenverein-koeditz.de\/index.php\/wp-json\/wp\/v2\/pages"}],"about":[{"href":"https:\/\/schuetzenverein-koeditz.de\/index.php\/wp-json\/wp\/v2\/types\/page"}],"author":[{"embeddable":true,"href":"https:\/\/schuetzenverein-koeditz.de\/index.php\/wp-json\/wp\/v2\/users\/1"}],"replies":[{"embeddable":true,"href":"https:\/\/schuetzenverein-koeditz.de\/index.php\/wp-json\/wp\/v2\/comments?post=51"}],"version-history":[{"count":47,"href":"https:\/\/schuetzenverein-koeditz.de\/index.php\/wp-json\/wp\/v2\/pages\/51\/revisions"}],"predecessor-version":[{"id":4579,"href":"https:\/\/schuetzenverein-koeditz.de\/index.php\/wp-json\/wp\/v2\/pages\/51\/revisions\/4579"}],"wp:attachment":[{"href":"https:\/\/schuetzenverein-koeditz.de\/index.php\/wp-json\/wp\/v2\/media?parent=51"}],"curies":[{"name":"wp","href":"https:\/\/api.w.org\/{rel}","templated":true}]}}