{"id":45,"date":"2024-01-28T18:02:24","date_gmt":"2024-01-28T17:02:24","guid":{"rendered":"http:\/\/192.168.178.147\/?page_id=45"},"modified":"2024-02-01T16:24:56","modified_gmt":"2024-02-01T15:24:56","slug":"60-jaehriges-jubilaeum-1969","status":"publish","type":"page","link":"https:\/\/schuetzenverein-koeditz.de\/index.php\/60-jaehriges-jubilaeum-1969\/","title":{"rendered":"60 j\u00e4hriges Jubil\u00e4um 1969"},"content":{"rendered":"\n<figure data-wp-context=\"{&quot;imageId&quot;:&quot;69fcd66e0e536&quot;}\" data-wp-interactive=\"core\/image\" data-wp-key=\"69fcd66e0e536\" class=\"wp-block-image size-large wp-lightbox-container\"><img loading=\"lazy\" decoding=\"async\" width=\"1024\" height=\"998\" data-wp-class--hide=\"state.isContentHidden\" data-wp-class--show=\"state.isContentVisible\" data-wp-init=\"callbacks.setButtonStyles\" data-wp-on--click=\"actions.showLightbox\" data-wp-on--load=\"callbacks.setButtonStyles\" data-wp-on-window--resize=\"callbacks.setButtonStyles\" src=\"https:\/\/schuetzenverein-koeditz.de\/wp-content\/uploads\/2024\/02\/20161014_123906-1024x998.jpg\" alt=\"\" class=\"wp-image-156\" srcset=\"https:\/\/schuetzenverein-koeditz.de\/wp-content\/uploads\/2024\/02\/20161014_123906-1024x998.jpg 1024w, https:\/\/schuetzenverein-koeditz.de\/wp-content\/uploads\/2024\/02\/20161014_123906-300x292.jpg 300w, https:\/\/schuetzenverein-koeditz.de\/wp-content\/uploads\/2024\/02\/20161014_123906-768x749.jpg 768w, https:\/\/schuetzenverein-koeditz.de\/wp-content\/uploads\/2024\/02\/20161014_123906-1536x1497.jpg 1536w, https:\/\/schuetzenverein-koeditz.de\/wp-content\/uploads\/2024\/02\/20161014_123906-2048x1997.jpg 2048w\" sizes=\"auto, (max-width: 767px) 89vw, (max-width: 1000px) 54vw, (max-width: 1071px) 543px, 580px\" \/><button\n\t\t\tclass=\"lightbox-trigger\"\n\t\t\ttype=\"button\"\n\t\t\taria-haspopup=\"dialog\"\n\t\t\taria-label=\"Vergr\u00f6\u00dfern\"\n\t\t\tdata-wp-init=\"callbacks.initTriggerButton\"\n\t\t\tdata-wp-on--click=\"actions.showLightbox\"\n\t\t\tdata-wp-style--right=\"state.imageButtonRight\"\n\t\t\tdata-wp-style--top=\"state.imageButtonTop\"\n\t\t>\n\t\t\t<svg xmlns=\"http:\/\/www.w3.org\/2000\/svg\" width=\"12\" height=\"12\" fill=\"none\" viewBox=\"0 0 12 12\">\n\t\t\t\t<path fill=\"#fff\" d=\"M2 0a2 2 0 0 0-2 2v2h1.5V2a.5.5 0 0 1 .5-.5h2V0H2Zm2 10.5H2a.5.5 0 0 1-.5-.5V8H0v2a2 2 0 0 0 2 2h2v-1.5ZM8 12v-1.5h2a.5.5 0 0 0 .5-.5V8H12v2a2 2 0 0 1-2 2H8Zm2-12a2 2 0 0 1 2 2v2h-1.5V2a.5.5 0 0 0-.5-.5H8V0h2Z\" \/>\n\t\t\t<\/svg>\n\t\t<\/button><\/figure>\n\n\n\n<p>Erste Reihe von links unten :<br>Popp Hans, Rauth Max Herpich Adam, Schaller Johan, Sinterhauf Adam (1. Vorstand), Frank Eduard, Hofmann Heinrich, Kn\u00f6rnschild Fritz, Klug Nikol.<\/p>\n\n\n\n<p>Zweite Reihe Mitte von links :<br>Strobel Christoph, Klug Hans,<br>Br\u00fchschwein Hans, Zuber Hans, Limmert Hans, Lang Hans (B\u00fcrgermeister),<br>Sinterhauf Inge, Kn\u00fcrr Jakob, Berger Herwig, Limmert Christa, Dorsch Adolf,<br>Br\u00fchschwein Alfred, Fischer Magda, R\u00f6del Werner, Meister Georg, Wilfert Annelie,<br>Feulner Dieter, Kn\u00f6rnschild Hans, Krippner Wally, Wilfert Werner, Fischer<br>Roland, Krippner Werner, Mohr Walter, Limmert Richard, Mohr Hans, Icke ein<br>Berliner.<\/p>\n\n\n\n<p>Dritte Reihe Oben von links :<br>R\u00f6del Werner, Langheinrich Joachim, Kugler Alfred, Pezold Hans, Sinterhauf Alfred, Klug Werner, Popp Georg, Krantz G\u00fcnter, Greim Martin, R\u00f6diger Peter, M\u00fcller Hans, Kn\u00fcrr Karl, Vogel Harald, Wolf Karl, Krau\u00df Friedrich, Mohr Heinz, Klug Heinrich.<\/p>\n","protected":false},"excerpt":{"rendered":"<p>Erste Reihe von links unten :Popp Hans, Rauth Max Herpich Adam, Schaller Johan, Sinterhauf Adam (1. Vorstand), Frank Eduard, Hofmann Heinrich, Kn\u00f6rnschild Fritz, Klug Nikol. Zweite Reihe Mitte von links :Strobel Christoph, Klug Hans,Br\u00fchschwein Hans, Zuber Hans, Limmert Hans, Lang Hans (B\u00fcrgermeister),Sinterhauf Inge, Kn\u00fcrr Jakob, Berger Herwig, Limmert Christa, Dorsch Adolf,Br\u00fchschwein Alfred, Fischer Magda, R\u00f6del &hellip; <\/p>\n<p class=\"link-more\"><a href=\"https:\/\/schuetzenverein-koeditz.de\/index.php\/60-jaehriges-jubilaeum-1969\/\" class=\"more-link\"><span class=\"screen-reader-text\">\u201e60 j\u00e4hriges Jubil\u00e4um 1969\u201c <\/span>weiterlesen<\/a><\/p>\n","protected":false},"author":1,"featured_media":0,"parent":0,"menu_order":0,"comment_status":"closed","ping_status":"closed","template":"","meta":{"ngg_post_thumbnail":0,"footnotes":""},"class_list":["post-45","page","type-page","status-publish","hentry"],"_links":{"self":[{"href":"https:\/\/schuetzenverein-koeditz.de\/index.php\/wp-json\/wp\/v2\/pages\/45","targetHints":{"allow":["GET"]}}],"collection":[{"href":"https:\/\/schuetzenverein-koeditz.de\/index.php\/wp-json\/wp\/v2\/pages"}],"about":[{"href":"https:\/\/schuetzenverein-koeditz.de\/index.php\/wp-json\/wp\/v2\/types\/page"}],"author":[{"embeddable":true,"href":"https:\/\/schuetzenverein-koeditz.de\/index.php\/wp-json\/wp\/v2\/users\/1"}],"replies":[{"embeddable":true,"href":"https:\/\/schuetzenverein-koeditz.de\/index.php\/wp-json\/wp\/v2\/comments?post=45"}],"version-history":[{"count":2,"href":"https:\/\/schuetzenverein-koeditz.de\/index.php\/wp-json\/wp\/v2\/pages\/45\/revisions"}],"predecessor-version":[{"id":157,"href":"https:\/\/schuetzenverein-koeditz.de\/index.php\/wp-json\/wp\/v2\/pages\/45\/revisions\/157"}],"wp:attachment":[{"href":"https:\/\/schuetzenverein-koeditz.de\/index.php\/wp-json\/wp\/v2\/media?parent=45"}],"curies":[{"name":"wp","href":"https:\/\/api.w.org\/{rel}","templated":true}]}}