{"id":4142,"date":"2025-07-03T23:05:19","date_gmt":"2025-07-03T21:05:19","guid":{"rendered":"https:\/\/schuetzenverein-koeditz.de\/?page_id=4142"},"modified":"2025-07-03T23:25:31","modified_gmt":"2025-07-03T21:25:31","slug":"buergerschiessen","status":"publish","type":"page","link":"https:\/\/schuetzenverein-koeditz.de\/index.php\/buergerschiessen\/","title":{"rendered":"B\u00fcrgerschie\u00dfen"},"content":{"rendered":"\n<p>Erstmalig zum Wartleitenfest am 28-29.7.25, boten wir die M\u00f6glichkeit, unseren Sport n\u00e4her kennen zu lernen. <\/p>\n\n\n\n<p>Es bestand f\u00fcr jeden B\u00fcrger, die M\u00f6glichkeit zu Schie\u00dfen. Innerhalb der Gemeinde K\u00f6ditz gab es zus\u00e4tzlich eine Mannschaftswertung aus 3 Sch\u00fctzen, die jeweils einem Wanderpokal &#8222;K\u00f6ditzer B\u00fcrgerschie\u00dfen&#8220; ausschossen.<\/p>\n\n\n\n<p>Im Anschluss wurden die Sieger der Einzel- und Mannschaftswertung bekanntgegeben, Sachpreise sowie der Wanderpokal wurden verliehen.<\/p>\n\n\n\n<div class=\"wp-block-buttons has-custom-font-size has-medium-font-size is-horizontal is-content-justification-center is-layout-flex wp-container-core-buttons-is-layout-499968f5 wp-block-buttons-is-layout-flex\">\n<div class=\"wp-block-button\"><a class=\"wp-block-button__link has-black-color has-vivid-green-cyan-background-color has-text-color has-background has-link-color has-text-align-center wp-element-button\" href=\"https:\/\/schuetzenverein-koeditz.de\/index.php\/wartleitenfest-2025\/\">Bilder Wartleitenfest 25<\/a><\/div>\n<\/div>\n\n\n\n<h4 class=\"wp-block-heading\">Ergenbnisse B\u00fcrgerschie\u00dfen 2025<\/h4>\n\n\n\n<div data-wp-interactive=\"core\/file\" class=\"wp-block-file\"><object data-wp-bind--hidden=\"!state.hasPdfPreview\" hidden class=\"wp-block-file__embed\" data=\"https:\/\/schuetzenverein-koeditz.de\/wp-content\/uploads\/2025\/07\/Buerger-25-einzel-Final.pdf\" type=\"application\/pdf\" style=\"width:100%;height:600px\" aria-label=\"Einbettung von B\u00fcrger 25-einzel-Final.\"><\/object><a id=\"wp-block-file--media-d5a288de-edd5-4f34-9aab-68ffc1b15d01\" href=\"https:\/\/schuetzenverein-koeditz.de\/wp-content\/uploads\/2025\/07\/Buerger-25-einzel-Final.pdf\">B\u00fcrger 25-einzel-Final<\/a><\/div>\n\n\n\n<div data-wp-interactive=\"core\/file\" class=\"wp-block-file\"><object data-wp-bind--hidden=\"!state.hasPdfPreview\" hidden class=\"wp-block-file__embed\" data=\"https:\/\/schuetzenverein-koeditz.de\/wp-content\/uploads\/2025\/07\/Buerger-25-mannschaft-Final.pdf\" type=\"application\/pdf\" style=\"width:100%;height:600px\" aria-label=\"Einbettung von B\u00fcrger 25-mannschaft-Final.\"><\/object><a id=\"wp-block-file--media-1a612a59-4ab8-47cf-928b-627f86c9764c\" href=\"https:\/\/schuetzenverein-koeditz.de\/wp-content\/uploads\/2025\/07\/Buerger-25-mannschaft-Final.pdf\">B\u00fcrger 25-mannschaft-Final<\/a><\/div>\n\n\n\n<p><\/p>\n","protected":false},"excerpt":{"rendered":"<p>Erstmalig zum Wartleitenfest am 28-29.7.25, boten wir die M\u00f6glichkeit, unseren Sport n\u00e4her kennen zu lernen. Es bestand f\u00fcr jeden B\u00fcrger, die M\u00f6glichkeit zu Schie\u00dfen. Innerhalb der Gemeinde K\u00f6ditz gab es zus\u00e4tzlich eine Mannschaftswertung aus 3 Sch\u00fctzen, die jeweils einem Wanderpokal &#8222;K\u00f6ditzer B\u00fcrgerschie\u00dfen&#8220; ausschossen. Im Anschluss wurden die Sieger der Einzel- und Mannschaftswertung bekanntgegeben, Sachpreise sowie &hellip; <\/p>\n<p class=\"link-more\"><a href=\"https:\/\/schuetzenverein-koeditz.de\/index.php\/buergerschiessen\/\" class=\"more-link\"><span class=\"screen-reader-text\">\u201eB\u00fcrgerschie\u00dfen\u201c <\/span>weiterlesen<\/a><\/p>\n","protected":false},"author":1,"featured_media":0,"parent":0,"menu_order":0,"comment_status":"closed","ping_status":"closed","template":"","meta":{"ngg_post_thumbnail":0,"footnotes":""},"class_list":["post-4142","page","type-page","status-publish","hentry"],"_links":{"self":[{"href":"https:\/\/schuetzenverein-koeditz.de\/index.php\/wp-json\/wp\/v2\/pages\/4142","targetHints":{"allow":["GET"]}}],"collection":[{"href":"https:\/\/schuetzenverein-koeditz.de\/index.php\/wp-json\/wp\/v2\/pages"}],"about":[{"href":"https:\/\/schuetzenverein-koeditz.de\/index.php\/wp-json\/wp\/v2\/types\/page"}],"author":[{"embeddable":true,"href":"https:\/\/schuetzenverein-koeditz.de\/index.php\/wp-json\/wp\/v2\/users\/1"}],"replies":[{"embeddable":true,"href":"https:\/\/schuetzenverein-koeditz.de\/index.php\/wp-json\/wp\/v2\/comments?post=4142"}],"version-history":[{"count":5,"href":"https:\/\/schuetzenverein-koeditz.de\/index.php\/wp-json\/wp\/v2\/pages\/4142\/revisions"}],"predecessor-version":[{"id":4208,"href":"https:\/\/schuetzenverein-koeditz.de\/index.php\/wp-json\/wp\/v2\/pages\/4142\/revisions\/4208"}],"wp:attachment":[{"href":"https:\/\/schuetzenverein-koeditz.de\/index.php\/wp-json\/wp\/v2\/media?parent=4142"}],"curies":[{"name":"wp","href":"https:\/\/api.w.org\/{rel}","templated":true}]}}