{"id":3361,"date":"2025-03-16T10:00:14","date_gmt":"2025-03-16T09:00:14","guid":{"rendered":"https:\/\/schuetzenverein-koeditz.de\/?page_id=3361"},"modified":"2025-12-30T13:14:47","modified_gmt":"2025-12-30T12:14:47","slug":"bildergalerie-2025","status":"publish","type":"page","link":"https:\/\/schuetzenverein-koeditz.de\/index.php\/bildergalerie-2025\/","title":{"rendered":"Bildergalerie 2025"},"content":{"rendered":"\n<p><a href=\"https:\/\/schuetzenverein-koeditz.de\/index.php\/kinderfasching-2025\/\" data-type=\"page\" data-id=\"3423\">Kinderfasching 2025<\/a><\/p>\n\n\n\n<p><a href=\"https:\/\/schuetzenverein-koeditz.de\/index.php\/gauschuetzentag-2025\/\" data-type=\"page\" data-id=\"3358\">Gausch\u00fctzentag 2025<\/a><\/p>\n\n\n\n<p><a href=\"https:\/\/schuetzenverein-koeditz.de\/index.php\/sauessen-2025\/\" data-type=\"page\" data-id=\"4033\">Sauessen 2025<\/a><\/p>\n\n\n\n<p><a href=\"https:\/\/schuetzenverein-koeditz.de\/index.php\/schuetzenausflug-bayrischer-wald\/\" data-type=\"page\" data-id=\"4244\">Sch\u00fctzenausflug Bayrischer Wald<\/a><\/p>\n\n\n\n<p><a href=\"https:\/\/schuetzenverein-koeditz.de\/index.php\/wartleitenfest-2025\/\" data-type=\"page\" data-id=\"4147\">Wartleitenfest 2025<\/a><\/p>\n\n\n\n<p><a href=\"https:\/\/schuetzenverein-koeditz.de\/index.php\/weihnachtsbaeckerei-2025\/\" data-type=\"page\" data-id=\"4330\">Weihnachtsb\u00e4ckerei 2025<\/a><\/p>\n\n\n\n<p><\/p>\n","protected":false},"excerpt":{"rendered":"<p>Kinderfasching 2025 Gausch\u00fctzentag 2025 Sauessen 2025 Sch\u00fctzenausflug Bayrischer Wald Wartleitenfest 2025 Weihnachtsb\u00e4ckerei 2025<\/p>\n","protected":false},"author":1,"featured_media":0,"parent":0,"menu_order":0,"comment_status":"closed","ping_status":"closed","template":"","meta":{"ngg_post_thumbnail":0,"footnotes":""},"class_list":["post-3361","page","type-page","status-publish","hentry"],"_links":{"self":[{"href":"https:\/\/schuetzenverein-koeditz.de\/index.php\/wp-json\/wp\/v2\/pages\/3361","targetHints":{"allow":["GET"]}}],"collection":[{"href":"https:\/\/schuetzenverein-koeditz.de\/index.php\/wp-json\/wp\/v2\/pages"}],"about":[{"href":"https:\/\/schuetzenverein-koeditz.de\/index.php\/wp-json\/wp\/v2\/types\/page"}],"author":[{"embeddable":true,"href":"https:\/\/schuetzenverein-koeditz.de\/index.php\/wp-json\/wp\/v2\/users\/1"}],"replies":[{"embeddable":true,"href":"https:\/\/schuetzenverein-koeditz.de\/index.php\/wp-json\/wp\/v2\/comments?post=3361"}],"version-history":[{"count":7,"href":"https:\/\/schuetzenverein-koeditz.de\/index.php\/wp-json\/wp\/v2\/pages\/3361\/revisions"}],"predecessor-version":[{"id":4334,"href":"https:\/\/schuetzenverein-koeditz.de\/index.php\/wp-json\/wp\/v2\/pages\/3361\/revisions\/4334"}],"wp:attachment":[{"href":"https:\/\/schuetzenverein-koeditz.de\/index.php\/wp-json\/wp\/v2\/media?parent=3361"}],"curies":[{"name":"wp","href":"https:\/\/api.w.org\/{rel}","templated":true}]}}