{"id":3206,"date":"2025-01-19T13:51:37","date_gmt":"2025-01-19T12:51:37","guid":{"rendered":"https:\/\/schuetzenverein-koeditz.de\/?page_id=3206"},"modified":"2025-01-19T13:58:21","modified_gmt":"2025-01-19T12:58:21","slug":"weihnachtsbaeckerei-2024","status":"publish","type":"page","link":"https:\/\/schuetzenverein-koeditz.de\/index.php\/weihnachtsbaeckerei-2024\/","title":{"rendered":"Weihnachtsb\u00e4ckerei 2024"},"content":{"rendered":"\n<p>Die Jugend backt Pl\u00e4tzchen f\u00fcr die Weihnachtsfeier<\/p>\n\n\n\n<p>Jungendsch\u00fctzenk\u00f6nigin Emilia Weixler (2024-2025) l\u00e4dt zum Pizza essen ein.<\/p>\n\n\n\nngg_shortcode_0_placeholder\n","protected":false},"excerpt":{"rendered":"<p>Die Jugend backt Pl\u00e4tzchen f\u00fcr die Weihnachtsfeier Jungendsch\u00fctzenk\u00f6nigin Emilia Weixler (2024-2025) l\u00e4dt zum Pizza essen ein.<\/p>\n","protected":false},"author":1,"featured_media":0,"parent":0,"menu_order":0,"comment_status":"closed","ping_status":"closed","template":"","meta":{"ngg_post_thumbnail":0,"footnotes":""},"class_list":["post-3206","page","type-page","status-publish","hentry"],"_links":{"self":[{"href":"https:\/\/schuetzenverein-koeditz.de\/index.php\/wp-json\/wp\/v2\/pages\/3206","targetHints":{"allow":["GET"]}}],"collection":[{"href":"https:\/\/schuetzenverein-koeditz.de\/index.php\/wp-json\/wp\/v2\/pages"}],"about":[{"href":"https:\/\/schuetzenverein-koeditz.de\/index.php\/wp-json\/wp\/v2\/types\/page"}],"author":[{"embeddable":true,"href":"https:\/\/schuetzenverein-koeditz.de\/index.php\/wp-json\/wp\/v2\/users\/1"}],"replies":[{"embeddable":true,"href":"https:\/\/schuetzenverein-koeditz.de\/index.php\/wp-json\/wp\/v2\/comments?post=3206"}],"version-history":[{"count":3,"href":"https:\/\/schuetzenverein-koeditz.de\/index.php\/wp-json\/wp\/v2\/pages\/3206\/revisions"}],"predecessor-version":[{"id":3215,"href":"https:\/\/schuetzenverein-koeditz.de\/index.php\/wp-json\/wp\/v2\/pages\/3206\/revisions\/3215"}],"wp:attachment":[{"href":"https:\/\/schuetzenverein-koeditz.de\/index.php\/wp-json\/wp\/v2\/media?parent=3206"}],"curies":[{"name":"wp","href":"https:\/\/api.w.org\/{rel}","templated":true}]}}