{"id":2353,"date":"2024-03-06T10:50:35","date_gmt":"2024-03-06T09:50:35","guid":{"rendered":"https:\/\/schuetzenverein-koeditz.de\/?page_id=2353"},"modified":"2024-10-31T16:48:51","modified_gmt":"2024-10-31T15:48:51","slug":"spendenaktion","status":"publish","type":"page","link":"https:\/\/schuetzenverein-koeditz.de\/index.php\/spendenaktion\/","title":{"rendered":"Schie\u00dfstand Umbau-Crowdfunding"},"content":{"rendered":"\n<figure class=\"wp-block-image size-large is-resized is-style-default\"><img loading=\"lazy\" decoding=\"async\" width=\"1024\" height=\"668\" src=\"https:\/\/schuetzenverein-koeditz.de\/wp-content\/uploads\/2024\/10\/final-V2-IMG_7916-1024x668.jpg\" alt=\"\" class=\"wp-image-3012\" style=\"width:784px;height:auto\" srcset=\"https:\/\/schuetzenverein-koeditz.de\/wp-content\/uploads\/2024\/10\/final-V2-IMG_7916-1024x668.jpg 1024w, https:\/\/schuetzenverein-koeditz.de\/wp-content\/uploads\/2024\/10\/final-V2-IMG_7916-300x196.jpg 300w, https:\/\/schuetzenverein-koeditz.de\/wp-content\/uploads\/2024\/10\/final-V2-IMG_7916-768x501.jpg 768w, https:\/\/schuetzenverein-koeditz.de\/wp-content\/uploads\/2024\/10\/final-V2-IMG_7916-1536x1002.jpg 1536w, https:\/\/schuetzenverein-koeditz.de\/wp-content\/uploads\/2024\/10\/final-V2-IMG_7916-2048x1336.jpg 2048w\" sizes=\"auto, (max-width: 767px) 89vw, (max-width: 1000px) 54vw, (max-width: 1071px) 543px, 580px\" \/><figcaption class=\"wp-element-caption\"><strong>\u00dcbergabe der Spendensumme von der VR Bank Bayreuth-Hof<\/strong><\/figcaption><\/figure>\n\n\n\n<h2 class=\"wp-block-heading has-black-color has-white-background-color has-text-color has-background has-link-color wp-elements-7f5e9a64b3d8bec1257b2d1214219b91\"><strong>Der Spendenaufruf \/ Crowdfunding wurde erfolgreich beendet. <\/strong><br><strong>Mit einer Summe von 8000\u20ac, kann unser Projekt realisiert werden. Vielen Dank f\u00fcr die zahlreiche Unterst\u00fctzung!<\/strong><\/h2>\n\n\n\n<h1 class=\"wp-block-heading\">Unser Projekt <\/h1>\n\n\n\n<h2 class=\"wp-block-heading\"><strong>Es war einmal<\/strong><\/h2>\n\n\n<div class=\"wp-block-image\">\n<figure class=\"alignleft size-large is-resized\"><img loading=\"lazy\" decoding=\"async\" width=\"1024\" height=\"576\" src=\"https:\/\/schuetzenverein-koeditz.de\/wp-content\/uploads\/2024\/10\/IMG20211114142053-1024x576.jpg\" alt=\"\" class=\"wp-image-3060\" style=\"width:490px;height:auto\" srcset=\"https:\/\/schuetzenverein-koeditz.de\/wp-content\/uploads\/2024\/10\/IMG20211114142053-1024x576.jpg 1024w, https:\/\/schuetzenverein-koeditz.de\/wp-content\/uploads\/2024\/10\/IMG20211114142053-300x169.jpg 300w, https:\/\/schuetzenverein-koeditz.de\/wp-content\/uploads\/2024\/10\/IMG20211114142053-768x432.jpg 768w, https:\/\/schuetzenverein-koeditz.de\/wp-content\/uploads\/2024\/10\/IMG20211114142053-1536x864.jpg 1536w, https:\/\/schuetzenverein-koeditz.de\/wp-content\/uploads\/2024\/10\/IMG20211114142053-2048x1152.jpg 2048w\" sizes=\"auto, (max-width: 767px) 89vw, (max-width: 1000px) 54vw, (max-width: 1071px) 543px, 580px\" \/><figcaption class=\"wp-element-caption\"><strong>Seilzugst\u00e4nde<\/strong>.<br><strong>Geschossen wurde auf Papierstreifen, die auswertung des Ergebnisses war sehr m\u00fchselig<\/strong><\/figcaption><\/figure>\n<\/div>\n\n\n<p><\/p>\n\n\n\n<p><\/p>\n\n\n<div class=\"wp-block-image\">\n<figure class=\"alignright size-large is-resized\"><img loading=\"lazy\" decoding=\"async\" width=\"1024\" height=\"576\" src=\"https:\/\/schuetzenverein-koeditz.de\/wp-content\/uploads\/2024\/10\/IMG20211110185412-1024x576.jpg\" alt=\"\" class=\"wp-image-3061\" style=\"width:491px;height:auto\" srcset=\"https:\/\/schuetzenverein-koeditz.de\/wp-content\/uploads\/2024\/10\/IMG20211110185412-1024x576.jpg 1024w, https:\/\/schuetzenverein-koeditz.de\/wp-content\/uploads\/2024\/10\/IMG20211110185412-300x169.jpg 300w, https:\/\/schuetzenverein-koeditz.de\/wp-content\/uploads\/2024\/10\/IMG20211110185412-768x432.jpg 768w, https:\/\/schuetzenverein-koeditz.de\/wp-content\/uploads\/2024\/10\/IMG20211110185412-1536x864.jpg 1536w, https:\/\/schuetzenverein-koeditz.de\/wp-content\/uploads\/2024\/10\/IMG20211110185412-2048x1152.jpg 2048w\" sizes=\"auto, (max-width: 767px) 89vw, (max-width: 1000px) 54vw, (max-width: 1071px) 543px, 580px\" \/><figcaption class=\"wp-element-caption\"><strong>Alten Seilzugst\u00e4nde, hinten mit Platten als Kugelfang<\/strong><\/figcaption><\/figure>\n<\/div>\n\n\n<p><\/p>\n\n\n\n<p><\/p>\n\n\n\n<p><\/p>\n\n\n\n<p><\/p>\n\n\n\n<h2 class=\"wp-block-heading\"><strong>Nach dem Umbau<\/strong><\/h2>\n\n\n<div class=\"wp-block-image\">\n<figure class=\"alignleft size-large is-resized\"><img loading=\"lazy\" decoding=\"async\" width=\"1024\" height=\"768\" src=\"https:\/\/schuetzenverein-koeditz.de\/wp-content\/uploads\/2024\/10\/IMG20240620123654-1024x768.jpg\" alt=\"\" class=\"wp-image-3053\" style=\"width:541px;height:auto\" srcset=\"https:\/\/schuetzenverein-koeditz.de\/wp-content\/uploads\/2024\/10\/IMG20240620123654-1024x768.jpg 1024w, https:\/\/schuetzenverein-koeditz.de\/wp-content\/uploads\/2024\/10\/IMG20240620123654-300x225.jpg 300w, https:\/\/schuetzenverein-koeditz.de\/wp-content\/uploads\/2024\/10\/IMG20240620123654-768x576.jpg 768w, https:\/\/schuetzenverein-koeditz.de\/wp-content\/uploads\/2024\/10\/IMG20240620123654-1536x1152.jpg 1536w, https:\/\/schuetzenverein-koeditz.de\/wp-content\/uploads\/2024\/10\/IMG20240620123654-2048x1536.jpg 2048w\" sizes=\"auto, (max-width: 767px) 89vw, (max-width: 1000px) 54vw, (max-width: 1071px) 543px, 580px\" \/><figcaption class=\"wp-element-caption\"><strong>Seilzugst\u00e4nde wurde durch eine Elektronische Erfassung ersetzt<\/strong><\/figcaption><\/figure>\n<\/div>\n\n\n<p><\/p>\n\n\n\n<p><\/p>\n\n\n\n<p><\/p>\n\n\n\n<p><\/p>\n\n\n<div class=\"wp-block-image\">\n<figure class=\"alignright size-large is-resized\"><img loading=\"lazy\" decoding=\"async\" width=\"768\" height=\"1024\" src=\"https:\/\/schuetzenverein-koeditz.de\/wp-content\/uploads\/2024\/10\/IMG20240620123715-768x1024.jpg\" alt=\"\" class=\"wp-image-3054\" style=\"width:404px;height:auto\" srcset=\"https:\/\/schuetzenverein-koeditz.de\/wp-content\/uploads\/2024\/10\/IMG20240620123715-768x1024.jpg 768w, https:\/\/schuetzenverein-koeditz.de\/wp-content\/uploads\/2024\/10\/IMG20240620123715-225x300.jpg 225w, https:\/\/schuetzenverein-koeditz.de\/wp-content\/uploads\/2024\/10\/IMG20240620123715-1152x1536.jpg 1152w, https:\/\/schuetzenverein-koeditz.de\/wp-content\/uploads\/2024\/10\/IMG20240620123715-1536x2048.jpg 1536w, https:\/\/schuetzenverein-koeditz.de\/wp-content\/uploads\/2024\/10\/IMG20240620123715-scaled.jpg 1920w\" sizes=\"auto, (max-width: 767px) 89vw, (max-width: 1000px) 54vw, (max-width: 1071px) 543px, 580px\" \/><figcaption class=\"wp-element-caption\"><strong>Schussergebniss wird sofort dargestellt<\/strong><\/figcaption><\/figure>\n<\/div>\n\n\n<p><\/p>\n\n\n\n<p><\/p>\n\n\n\n<p><\/p>\n\n\n\n<p><\/p>\n\n\n\n<p><\/p>\n\n\n\n<p><\/p>\n\n\n\n<p><\/p>\n\n\n\n<p><\/p>\n\n\n<div class=\"wp-block-image\">\n<figure class=\"alignleft size-large is-resized\"><img loading=\"lazy\" decoding=\"async\" width=\"1024\" height=\"768\" src=\"https:\/\/schuetzenverein-koeditz.de\/wp-content\/uploads\/2024\/10\/IMG20240711185901-1024x768.jpg\" alt=\"\" class=\"wp-image-3056\" style=\"width:540px;height:auto\" srcset=\"https:\/\/schuetzenverein-koeditz.de\/wp-content\/uploads\/2024\/10\/IMG20240711185901-1024x768.jpg 1024w, https:\/\/schuetzenverein-koeditz.de\/wp-content\/uploads\/2024\/10\/IMG20240711185901-300x225.jpg 300w, https:\/\/schuetzenverein-koeditz.de\/wp-content\/uploads\/2024\/10\/IMG20240711185901-768x576.jpg 768w, https:\/\/schuetzenverein-koeditz.de\/wp-content\/uploads\/2024\/10\/IMG20240711185901-1536x1152.jpg 1536w, https:\/\/schuetzenverein-koeditz.de\/wp-content\/uploads\/2024\/10\/IMG20240711185901-2048x1536.jpg 2048w\" sizes=\"auto, (max-width: 767px) 89vw, (max-width: 1000px) 54vw, (max-width: 1071px) 543px, 580px\" \/><figcaption class=\"wp-element-caption\"><strong>Die Jugend durften die ersten Sch\u00fcsse testen<\/strong><\/figcaption><\/figure>\n<\/div>\n\n\n<p><\/p>\n\n\n\n<p><\/p>\n\n\n\n<p><\/p>\n\n\n\n<p><\/p>\n\n\n\n<p><\/p>\n\n\n<div class=\"wp-block-image\">\n<figure class=\"alignright size-large is-resized\"><img loading=\"lazy\" decoding=\"async\" width=\"1024\" height=\"768\" src=\"https:\/\/schuetzenverein-koeditz.de\/wp-content\/uploads\/2024\/10\/IMG20240822185457-1024x768.jpg\" alt=\"\" class=\"wp-image-3057\" style=\"width:542px;height:auto\" srcset=\"https:\/\/schuetzenverein-koeditz.de\/wp-content\/uploads\/2024\/10\/IMG20240822185457-1024x768.jpg 1024w, https:\/\/schuetzenverein-koeditz.de\/wp-content\/uploads\/2024\/10\/IMG20240822185457-300x225.jpg 300w, https:\/\/schuetzenverein-koeditz.de\/wp-content\/uploads\/2024\/10\/IMG20240822185457-768x576.jpg 768w, https:\/\/schuetzenverein-koeditz.de\/wp-content\/uploads\/2024\/10\/IMG20240822185457-1536x1152.jpg 1536w, https:\/\/schuetzenverein-koeditz.de\/wp-content\/uploads\/2024\/10\/IMG20240822185457-2048x1536.jpg 2048w\" sizes=\"auto, (max-width: 767px) 89vw, (max-width: 1000px) 54vw, (max-width: 1071px) 543px, 580px\" \/><figcaption class=\"wp-element-caption\"><strong>Aber auch die &#8222;\u00c4lteren&#8220; Sch\u00fctzen durften anschlie\u00dfend ihre Treffsicherheit testen <\/strong><\/figcaption><\/figure>\n<\/div>\n\n\n<p><\/p>\n\n\n\n<p><\/p>\n\n\n\n<p><\/p>\n\n\n\n<p><\/p>\n\n\n\n<p><\/p>\n\n\n<div class=\"wp-block-image\">\n<figure class=\"alignleft size-large is-resized\"><img loading=\"lazy\" decoding=\"async\" width=\"1024\" height=\"626\" src=\"https:\/\/schuetzenverein-koeditz.de\/wp-content\/uploads\/2024\/10\/IMG20240711182440-scaled-e1730123466527-1024x626.jpg\" alt=\"\" class=\"wp-image-3055\" style=\"width:541px;height:auto\" srcset=\"https:\/\/schuetzenverein-koeditz.de\/wp-content\/uploads\/2024\/10\/IMG20240711182440-scaled-e1730123466527-1024x626.jpg 1024w, https:\/\/schuetzenverein-koeditz.de\/wp-content\/uploads\/2024\/10\/IMG20240711182440-scaled-e1730123466527-300x183.jpg 300w, https:\/\/schuetzenverein-koeditz.de\/wp-content\/uploads\/2024\/10\/IMG20240711182440-scaled-e1730123466527-768x469.jpg 768w, https:\/\/schuetzenverein-koeditz.de\/wp-content\/uploads\/2024\/10\/IMG20240711182440-scaled-e1730123466527-1536x938.jpg 1536w, https:\/\/schuetzenverein-koeditz.de\/wp-content\/uploads\/2024\/10\/IMG20240711182440-scaled-e1730123466527.jpg 1745w\" sizes=\"auto, (max-width: 767px) 89vw, (max-width: 1000px) 54vw, (max-width: 1071px) 543px, 580px\" \/><figcaption class=\"wp-element-caption\"><strong>Ergebnisse k\u00f6nnen nun auch in der Gaststube verfolgt werden <\/strong><\/figcaption><\/figure>\n<\/div>\n\n\n<p><\/p>\n\n\n\n<p><\/p>\n\n\n\n<p><\/p>\n\n\n\n<p><\/p>\n\n\n<div class=\"wp-block-image\">\n<figure class=\"alignright size-large is-resized\"><img loading=\"lazy\" decoding=\"async\" width=\"1024\" height=\"768\" src=\"https:\/\/schuetzenverein-koeditz.de\/wp-content\/uploads\/2024\/10\/IMG20240921153603-1024x768.jpg\" alt=\"\" class=\"wp-image-3058\" style=\"width:539px;height:auto\" srcset=\"https:\/\/schuetzenverein-koeditz.de\/wp-content\/uploads\/2024\/10\/IMG20240921153603-1024x768.jpg 1024w, https:\/\/schuetzenverein-koeditz.de\/wp-content\/uploads\/2024\/10\/IMG20240921153603-300x225.jpg 300w, https:\/\/schuetzenverein-koeditz.de\/wp-content\/uploads\/2024\/10\/IMG20240921153603-768x576.jpg 768w, https:\/\/schuetzenverein-koeditz.de\/wp-content\/uploads\/2024\/10\/IMG20240921153603-1536x1152.jpg 1536w, https:\/\/schuetzenverein-koeditz.de\/wp-content\/uploads\/2024\/10\/IMG20240921153603-2048x1536.jpg 2048w\" sizes=\"auto, (max-width: 767px) 89vw, (max-width: 1000px) 54vw, (max-width: 1071px) 543px, 580px\" \/><figcaption class=\"wp-element-caption\"><strong>Fertig im Schie\u00dfbetrieb <\/strong><\/figcaption><\/figure>\n<\/div>\n\n\n<p><\/p>\n\n\n\n<p><\/p>\n\n\n\n<p><\/p>\n\n\n\n<p><\/p>\n\n\n\n<p><\/p>\n\n\n<div class=\"wp-block-image is-style-default\">\n<figure class=\"alignleft size-large is-resized\"><img loading=\"lazy\" decoding=\"async\" width=\"1024\" height=\"768\" src=\"https:\/\/schuetzenverein-koeditz.de\/wp-content\/uploads\/2024\/10\/IMG20240926201721-1024x768.jpg\" alt=\"\" class=\"wp-image-3059\" style=\"width:540px;height:auto\" srcset=\"https:\/\/schuetzenverein-koeditz.de\/wp-content\/uploads\/2024\/10\/IMG20240926201721-1024x768.jpg 1024w, https:\/\/schuetzenverein-koeditz.de\/wp-content\/uploads\/2024\/10\/IMG20240926201721-300x225.jpg 300w, https:\/\/schuetzenverein-koeditz.de\/wp-content\/uploads\/2024\/10\/IMG20240926201721-768x576.jpg 768w, https:\/\/schuetzenverein-koeditz.de\/wp-content\/uploads\/2024\/10\/IMG20240926201721-1536x1152.jpg 1536w, https:\/\/schuetzenverein-koeditz.de\/wp-content\/uploads\/2024\/10\/IMG20240926201721-2048x1536.jpg 2048w\" sizes=\"auto, (max-width: 767px) 89vw, (max-width: 1000px) 54vw, (max-width: 1071px) 543px, 580px\" \/><figcaption class=\"wp-element-caption\"><strong>Fertig im Veranstaltungsbetrieb<\/strong><\/figcaption><\/figure>\n<\/div>\n\n\n<p><\/p>\n\n\n\n<p><\/p>\n\n\n\n<p><\/p>\n\n\n\n<p><\/p>\n\n\n\n<p><\/p>\n\n\n\n<h1 class=\"wp-block-heading\">Der Spendenaufruf  14.03.2024 &#8211; 12.06.2024<\/h1>\n\n\n\n<h2 class=\"wp-block-heading\">Modernisierung auf eine elektronische Schie\u00dfanlage SV-K\u00f6ditz<\/h2>\n\n\n\n<div class=\"wp-block-buttons is-layout-flex wp-block-buttons-is-layout-flex\">\n<div class=\"wp-block-button has-custom-font-size is-style-fill has-medium-font-size\"><a class=\"wp-block-button__link has-vivid-green-cyan-background-color has-background wp-element-button\" href=\"https:\/\/www.viele-schaffen-mehr.de\/projekte\/schuetzenverein-koeditz-1909-e-v\" target=\"_blank\" rel=\"noreferrer noopener\">Link&#8211;> Spendenaktion-viele schaffen mehr-Schuetzenverein Koeditz 1909 e.V.<\/a><\/div>\n<\/div>\n\n\n\n<div data-wp-interactive=\"core\/file\" class=\"wp-block-file aligncenter\"><object data-wp-bind--hidden=\"!state.hasPdfPreview\" hidden class=\"wp-block-file__embed\" data=\"https:\/\/schuetzenverein-koeditz.de\/wp-content\/uploads\/2024\/03\/Fleyer.pdf\" type=\"application\/pdf\" style=\"width:100%;height:984px\" aria-label=\"Einbettung von Flyer.\"><\/object><a id=\"wp-block-file--media-78c70fd2-f608-4ddb-a8be-47170e04c49e\" href=\"https:\/\/schuetzenverein-koeditz.de\/wp-content\/uploads\/2024\/03\/Fleyer.pdf\" target=\"_blank\" rel=\"noreferrer noopener\">Flyer<\/a><\/div>\n\n\n\n<div data-wp-interactive=\"core\/file\" class=\"wp-block-file\"><object data-wp-bind--hidden=\"!state.hasPdfPreview\" hidden class=\"wp-block-file__embed\" data=\"https:\/\/schuetzenverein-koeditz.de\/wp-content\/uploads\/2024\/03\/Modernisierung-auf-eine-elektronische-Schiessanlage-SV-Koeditz-Viele-schaffen-mehr.pdf\" type=\"application\/pdf\" style=\"width:100%;height:2000px\" aria-label=\"Einbettung von Modernisierung-auf-eine-elektronische-Schiessanlage-SV-Koeditz-Viele-schaffen-mehr.\"><\/object><a id=\"wp-block-file--media-ba407711-064a-4c87-a2c3-d25d061812b9\" href=\"https:\/\/schuetzenverein-koeditz.de\/wp-content\/uploads\/2024\/03\/Modernisierung-auf-eine-elektronische-Schiessanlage-SV-Koeditz-Viele-schaffen-mehr.pdf\" target=\"_blank\" rel=\"noreferrer noopener\">Modernisierung-auf-eine-elektronische-Schiessanlage-SV-Koeditz-Viele-schaffen-mehr<\/a><\/div>\n\n\n\n<p><\/p>\n","protected":false},"excerpt":{"rendered":"<p>Der Spendenaufruf \/ Crowdfunding wurde erfolgreich beendet. Mit einer Summe von 8000\u20ac, kann unser Projekt realisiert werden. Vielen Dank f\u00fcr die zahlreiche Unterst\u00fctzung! Unser Projekt Es war einmal Nach dem Umbau Der Spendenaufruf 14.03.2024 &#8211; 12.06.2024 Modernisierung auf eine elektronische Schie\u00dfanlage SV-K\u00f6ditz<\/p>\n","protected":false},"author":1,"featured_media":0,"parent":0,"menu_order":0,"comment_status":"closed","ping_status":"closed","template":"","meta":{"ngg_post_thumbnail":0,"footnotes":""},"class_list":["post-2353","page","type-page","status-publish","hentry"],"_links":{"self":[{"href":"https:\/\/schuetzenverein-koeditz.de\/index.php\/wp-json\/wp\/v2\/pages\/2353","targetHints":{"allow":["GET"]}}],"collection":[{"href":"https:\/\/schuetzenverein-koeditz.de\/index.php\/wp-json\/wp\/v2\/pages"}],"about":[{"href":"https:\/\/schuetzenverein-koeditz.de\/index.php\/wp-json\/wp\/v2\/types\/page"}],"author":[{"embeddable":true,"href":"https:\/\/schuetzenverein-koeditz.de\/index.php\/wp-json\/wp\/v2\/users\/1"}],"replies":[{"embeddable":true,"href":"https:\/\/schuetzenverein-koeditz.de\/index.php\/wp-json\/wp\/v2\/comments?post=2353"}],"version-history":[{"count":56,"href":"https:\/\/schuetzenverein-koeditz.de\/index.php\/wp-json\/wp\/v2\/pages\/2353\/revisions"}],"predecessor-version":[{"id":3077,"href":"https:\/\/schuetzenverein-koeditz.de\/index.php\/wp-json\/wp\/v2\/pages\/2353\/revisions\/3077"}],"wp:attachment":[{"href":"https:\/\/schuetzenverein-koeditz.de\/index.php\/wp-json\/wp\/v2\/media?parent=2353"}],"curies":[{"name":"wp","href":"https:\/\/api.w.org\/{rel}","templated":true}]}}