{"id":1865,"date":"2024-02-12T15:34:11","date_gmt":"2024-02-12T14:34:11","guid":{"rendered":"http:\/\/192.168.178.147\/?page_id=1865"},"modified":"2026-03-26T16:36:21","modified_gmt":"2026-03-26T15:36:21","slug":"koenigsgalerie","status":"publish","type":"page","link":"https:\/\/schuetzenverein-koeditz.de\/index.php\/koenigsgalerie\/","title":{"rendered":"K\u00f6nigsgalerie"},"content":{"rendered":"\n<h2 class=\"wp-block-heading\">Hier finden Sie unsere Majest\u00e4ten !<\/h2>\n\n\n\n<h1 class=\"wp-block-heading\"><strong>K\u00f6nige 2026-2027<\/strong><\/h1>\n\n\n\n<figure class=\"wp-block-image size-large\"><img loading=\"lazy\" decoding=\"async\" width=\"569\" height=\"1024\" src=\"https:\/\/schuetzenverein-koeditz.de\/wp-content\/uploads\/2026\/03\/Koenige-2026-2027-569x1024.jpg\" alt=\"\" class=\"wp-image-4560\" srcset=\"https:\/\/schuetzenverein-koeditz.de\/wp-content\/uploads\/2026\/03\/Koenige-2026-2027-569x1024.jpg 569w, https:\/\/schuetzenverein-koeditz.de\/wp-content\/uploads\/2026\/03\/Koenige-2026-2027-167x300.jpg 167w, https:\/\/schuetzenverein-koeditz.de\/wp-content\/uploads\/2026\/03\/Koenige-2026-2027-768x1383.jpg 768w, https:\/\/schuetzenverein-koeditz.de\/wp-content\/uploads\/2026\/03\/Koenige-2026-2027-853x1536.jpg 853w, https:\/\/schuetzenverein-koeditz.de\/wp-content\/uploads\/2026\/03\/Koenige-2026-2027-1138x2048.jpg 1138w, https:\/\/schuetzenverein-koeditz.de\/wp-content\/uploads\/2026\/03\/Koenige-2026-2027-scaled.jpg 1422w\" sizes=\"auto, (max-width: 569px) 100vw, 569px\" \/><figcaption class=\"wp-element-caption\">Sch\u00fctzenk\u00f6nig J\u00fcrgen Fickenscher.<br>Jungsch\u00fctzenk\u00f6nig Maximilian Durst.<\/figcaption><\/figure>\n\n\n\n<h1 class=\"wp-block-heading\"><strong>K\u00f6nige 2025-2026<\/strong><\/h1>\n\n\n\n<figure class=\"wp-block-image size-large is-style-default\"><img loading=\"lazy\" decoding=\"async\" width=\"683\" height=\"1024\" src=\"https:\/\/schuetzenverein-koeditz.de\/wp-content\/uploads\/2025\/04\/Koenige-25-26-683x1024.jpg\" alt=\"\" class=\"wp-image-4095\" srcset=\"https:\/\/schuetzenverein-koeditz.de\/wp-content\/uploads\/2025\/04\/Koenige-25-26-683x1024.jpg 683w, https:\/\/schuetzenverein-koeditz.de\/wp-content\/uploads\/2025\/04\/Koenige-25-26-200x300.jpg 200w, https:\/\/schuetzenverein-koeditz.de\/wp-content\/uploads\/2025\/04\/Koenige-25-26-768x1152.jpg 768w, https:\/\/schuetzenverein-koeditz.de\/wp-content\/uploads\/2025\/04\/Koenige-25-26-1024x1536.jpg 1024w, https:\/\/schuetzenverein-koeditz.de\/wp-content\/uploads\/2025\/04\/Koenige-25-26.jpg 1280w\" sizes=\"auto, (max-width: 683px) 100vw, 683px\" \/><\/figure>\n\n\n\n<h1 class=\"wp-block-heading\"><strong>K\u00f6nige 2024-2025<\/strong><\/h1>\n\n\n\n<figure class=\"wp-block-image size-large is-style-rounded\"><img loading=\"lazy\" decoding=\"async\" width=\"683\" height=\"1024\" src=\"https:\/\/schuetzenverein-koeditz.de\/wp-content\/uploads\/2024\/09\/k-IMG_7713-scaled-e1726674098506-683x1024.jpg\" alt=\"\" class=\"wp-image-2835\" srcset=\"https:\/\/schuetzenverein-koeditz.de\/wp-content\/uploads\/2024\/09\/k-IMG_7713-scaled-e1726674098506-683x1024.jpg 683w, https:\/\/schuetzenverein-koeditz.de\/wp-content\/uploads\/2024\/09\/k-IMG_7713-scaled-e1726674098506-200x300.jpg 200w, https:\/\/schuetzenverein-koeditz.de\/wp-content\/uploads\/2024\/09\/k-IMG_7713-scaled-e1726674098506-768x1152.jpg 768w, https:\/\/schuetzenverein-koeditz.de\/wp-content\/uploads\/2024\/09\/k-IMG_7713-scaled-e1726674098506-1024x1536.jpg 1024w, https:\/\/schuetzenverein-koeditz.de\/wp-content\/uploads\/2024\/09\/k-IMG_7713-scaled-e1726674098506-1366x2048.jpg 1366w, https:\/\/schuetzenverein-koeditz.de\/wp-content\/uploads\/2024\/09\/k-IMG_7713-scaled-e1726674098506.jpg 1707w\" sizes=\"auto, (max-width: 683px) 100vw, 683px\" \/><figcaption class=\"wp-element-caption\">Jungsch\u00fctzenk\u00f6nig Emilia Weixler Sch\u00fctzenk\u00f6nig Julia Wegner<\/figcaption><\/figure>\n\n\n\n<h1 class=\"wp-block-heading\"><strong>K\u00f6nige 2023-2024<\/strong><\/h1>\n\n\n\n<figure class=\"wp-block-image size-large is-style-rounded\"><img loading=\"lazy\" decoding=\"async\" width=\"630\" height=\"1024\" src=\"https:\/\/schuetzenverein-koeditz.de\/wp-content\/uploads\/2024\/02\/35-IMG_3902-630x1024.jpg\" alt=\"\" class=\"wp-image-1868\" srcset=\"https:\/\/schuetzenverein-koeditz.de\/wp-content\/uploads\/2024\/02\/35-IMG_3902-630x1024.jpg 630w, https:\/\/schuetzenverein-koeditz.de\/wp-content\/uploads\/2024\/02\/35-IMG_3902-184x300.jpg 184w, https:\/\/schuetzenverein-koeditz.de\/wp-content\/uploads\/2024\/02\/35-IMG_3902-768x1249.jpg 768w, https:\/\/schuetzenverein-koeditz.de\/wp-content\/uploads\/2024\/02\/35-IMG_3902-945x1536.jpg 945w, https:\/\/schuetzenverein-koeditz.de\/wp-content\/uploads\/2024\/02\/35-IMG_3902-1259x2048.jpg 1259w, https:\/\/schuetzenverein-koeditz.de\/wp-content\/uploads\/2024\/02\/35-IMG_3902-scaled.jpg 1574w\" sizes=\"auto, (max-width: 630px) 100vw, 630px\" \/><\/figure>\n\n\n\n<h1 class=\"wp-block-heading\"><strong>K\u00f6nige 2022-2023<\/strong><\/h1>\n\n\n\n<figure class=\"wp-block-image size-large is-style-rounded\"><img loading=\"lazy\" decoding=\"async\" width=\"1024\" height=\"683\" src=\"https:\/\/schuetzenverein-koeditz.de\/wp-content\/uploads\/2024\/02\/22-IMG_2118-1024x683.jpg\" alt=\"\" class=\"wp-image-1869\" srcset=\"https:\/\/schuetzenverein-koeditz.de\/wp-content\/uploads\/2024\/02\/22-IMG_2118-1024x683.jpg 1024w, https:\/\/schuetzenverein-koeditz.de\/wp-content\/uploads\/2024\/02\/22-IMG_2118-300x200.jpg 300w, https:\/\/schuetzenverein-koeditz.de\/wp-content\/uploads\/2024\/02\/22-IMG_2118-768x512.jpg 768w, https:\/\/schuetzenverein-koeditz.de\/wp-content\/uploads\/2024\/02\/22-IMG_2118-1536x1024.jpg 1536w, https:\/\/schuetzenverein-koeditz.de\/wp-content\/uploads\/2024\/02\/22-IMG_2118-2048x1365.jpg 2048w\" sizes=\"auto, (max-width: 767px) 89vw, (max-width: 1000px) 54vw, (max-width: 1071px) 543px, 580px\" \/><\/figure>\n\n\n\n<h1 class=\"wp-block-heading\"><strong>K\u00f6nige 2020-2022<\/strong><\/h1>\n\n\n\n<figure class=\"wp-block-image size-large is-style-rounded\"><img loading=\"lazy\" decoding=\"async\" width=\"1024\" height=\"576\" src=\"https:\/\/schuetzenverein-koeditz.de\/wp-content\/uploads\/2024\/02\/Koenige-20-22-1024x576.jpg\" alt=\"\" class=\"wp-image-1876\" srcset=\"https:\/\/schuetzenverein-koeditz.de\/wp-content\/uploads\/2024\/02\/Koenige-20-22-1024x576.jpg 1024w, https:\/\/schuetzenverein-koeditz.de\/wp-content\/uploads\/2024\/02\/Koenige-20-22-300x169.jpg 300w, https:\/\/schuetzenverein-koeditz.de\/wp-content\/uploads\/2024\/02\/Koenige-20-22-768x432.jpg 768w, https:\/\/schuetzenverein-koeditz.de\/wp-content\/uploads\/2024\/02\/Koenige-20-22-1536x864.jpg 1536w, https:\/\/schuetzenverein-koeditz.de\/wp-content\/uploads\/2024\/02\/Koenige-20-22-2048x1152.jpg 2048w\" sizes=\"auto, (max-width: 767px) 89vw, (max-width: 1000px) 54vw, (max-width: 1071px) 543px, 580px\" \/><figcaption class=\"wp-element-caption\">Jungsch\u00fctzenk\u00f6nig Mona Limmert   Sch\u00fctzenk\u00f6nig Erwin Heim<\/figcaption><\/figure>\n\n\n\n<h1 class=\"wp-block-heading\"><strong>K\u00f6nige 2019-2020<\/strong><\/h1>\n\n\n\n<figure class=\"wp-block-image size-large is-style-rounded\"><img loading=\"lazy\" decoding=\"async\" width=\"1024\" height=\"683\" src=\"https:\/\/schuetzenverein-koeditz.de\/wp-content\/uploads\/2024\/02\/koenig3-1024x683.jpg\" alt=\"\" class=\"wp-image-1873\" srcset=\"https:\/\/schuetzenverein-koeditz.de\/wp-content\/uploads\/2024\/02\/koenig3-1024x683.jpg 1024w, https:\/\/schuetzenverein-koeditz.de\/wp-content\/uploads\/2024\/02\/koenig3-300x200.jpg 300w, https:\/\/schuetzenverein-koeditz.de\/wp-content\/uploads\/2024\/02\/koenig3-768x512.jpg 768w, https:\/\/schuetzenverein-koeditz.de\/wp-content\/uploads\/2024\/02\/koenig3-1536x1024.jpg 1536w, https:\/\/schuetzenverein-koeditz.de\/wp-content\/uploads\/2024\/02\/koenig3-2048x1365.jpg 2048w\" sizes=\"auto, (max-width: 767px) 89vw, (max-width: 1000px) 54vw, (max-width: 1071px) 543px, 580px\" \/><figcaption class=\"wp-element-caption\">Jungsch\u00fctzenk\u00f6nig Julia Wegner   Sch\u00fctzenk\u00f6nig Pascal Opel<\/figcaption><\/figure>\n\n\n\n<h1 class=\"wp-block-heading\"><strong>K\u00f6nige 2018-2019<\/strong><\/h1>\n\n\n\n<figure class=\"wp-block-image size-large is-style-default\"><img loading=\"lazy\" decoding=\"async\" width=\"683\" height=\"1024\" src=\"https:\/\/schuetzenverein-koeditz.de\/wp-content\/uploads\/2024\/02\/koenig-18-19-683x1024.jpg\" alt=\"\" class=\"wp-image-1870\" srcset=\"https:\/\/schuetzenverein-koeditz.de\/wp-content\/uploads\/2024\/02\/koenig-18-19-683x1024.jpg 683w, https:\/\/schuetzenverein-koeditz.de\/wp-content\/uploads\/2024\/02\/koenig-18-19-200x300.jpg 200w, https:\/\/schuetzenverein-koeditz.de\/wp-content\/uploads\/2024\/02\/koenig-18-19-768x1152.jpg 768w, https:\/\/schuetzenverein-koeditz.de\/wp-content\/uploads\/2024\/02\/koenig-18-19-1024x1536.jpg 1024w, https:\/\/schuetzenverein-koeditz.de\/wp-content\/uploads\/2024\/02\/koenig-18-19-1365x2048.jpg 1365w, https:\/\/schuetzenverein-koeditz.de\/wp-content\/uploads\/2024\/02\/koenig-18-19-scaled.jpg 1707w\" sizes=\"auto, (max-width: 683px) 100vw, 683px\" \/><\/figure>\n\n\n\n<h1 class=\"wp-block-heading\"><strong>K\u00f6nige 2017-2018<\/strong><\/h1>\n\n\n\n<figure class=\"wp-block-image size-full is-style-default\"><img loading=\"lazy\" decoding=\"async\" width=\"529\" height=\"640\" src=\"https:\/\/schuetzenverein-koeditz.de\/wp-content\/uploads\/2024\/01\/koenig17-18.jpg\" alt=\"\" class=\"wp-image-107\" srcset=\"https:\/\/schuetzenverein-koeditz.de\/wp-content\/uploads\/2024\/01\/koenig17-18.jpg 529w, https:\/\/schuetzenverein-koeditz.de\/wp-content\/uploads\/2024\/01\/koenig17-18-248x300.jpg 248w\" sizes=\"auto, (max-width: 529px) 100vw, 529px\" \/><\/figure>\n\n\n\n<h1 class=\"wp-block-heading\"><strong>K\u00f6nige 2016-2017<\/strong><\/h1>\n\n\n\n<figure class=\"wp-block-image size-full is-style-rounded\"><img loading=\"lazy\" decoding=\"async\" width=\"534\" height=\"800\" src=\"https:\/\/schuetzenverein-koeditz.de\/wp-content\/uploads\/2024\/01\/koenig16-17.jpg\" alt=\"\" class=\"wp-image-106\" srcset=\"https:\/\/schuetzenverein-koeditz.de\/wp-content\/uploads\/2024\/01\/koenig16-17.jpg 534w, https:\/\/schuetzenverein-koeditz.de\/wp-content\/uploads\/2024\/01\/koenig16-17-200x300.jpg 200w\" sizes=\"auto, (max-width: 534px) 100vw, 534px\" \/><\/figure>\n\n\n\n<h1 class=\"wp-block-heading\"><strong>K\u00f6nige 2015-2016<\/strong><\/h1>\n\n\n\n<figure class=\"wp-block-image size-full is-style-default\"><img loading=\"lazy\" decoding=\"async\" width=\"534\" height=\"800\" src=\"https:\/\/schuetzenverein-koeditz.de\/wp-content\/uploads\/2024\/01\/koenig15-16.jpg\" alt=\"\" class=\"wp-image-105\" srcset=\"https:\/\/schuetzenverein-koeditz.de\/wp-content\/uploads\/2024\/01\/koenig15-16.jpg 534w, https:\/\/schuetzenverein-koeditz.de\/wp-content\/uploads\/2024\/01\/koenig15-16-200x300.jpg 200w\" sizes=\"auto, (max-width: 534px) 100vw, 534px\" \/><\/figure>\n\n\n\n<h1 class=\"wp-block-heading\"><strong>K\u00f6nige 2014-2015<\/strong><\/h1>\n\n\n\n<figure class=\"wp-block-image size-large is-style-default\"><img loading=\"lazy\" decoding=\"async\" width=\"716\" height=\"1024\" src=\"https:\/\/schuetzenverein-koeditz.de\/wp-content\/uploads\/2024\/02\/koenig14-15-716x1024.jpg\" alt=\"\" class=\"wp-image-1874\" srcset=\"https:\/\/schuetzenverein-koeditz.de\/wp-content\/uploads\/2024\/02\/koenig14-15-716x1024.jpg 716w, https:\/\/schuetzenverein-koeditz.de\/wp-content\/uploads\/2024\/02\/koenig14-15-210x300.jpg 210w, https:\/\/schuetzenverein-koeditz.de\/wp-content\/uploads\/2024\/02\/koenig14-15-768x1098.jpg 768w, https:\/\/schuetzenverein-koeditz.de\/wp-content\/uploads\/2024\/02\/koenig14-15-1074x1536.jpg 1074w, https:\/\/schuetzenverein-koeditz.de\/wp-content\/uploads\/2024\/02\/koenig14-15-1433x2048.jpg 1433w, https:\/\/schuetzenverein-koeditz.de\/wp-content\/uploads\/2024\/02\/koenig14-15-scaled.jpg 1791w\" sizes=\"auto, (max-width: 716px) 100vw, 716px\" \/><\/figure>\n\n\n\n<h1 class=\"wp-block-heading\"><strong>K\u00f6nige 2013-2014<\/strong><\/h1>\n\n\n\n<figure class=\"wp-block-image size-large is-style-rounded\"><img loading=\"lazy\" decoding=\"async\" width=\"1024\" height=\"1024\" src=\"https:\/\/schuetzenverein-koeditz.de\/wp-content\/uploads\/2024\/02\/koenig-1024x1024.jpg\" alt=\"\" class=\"wp-image-1871\" srcset=\"https:\/\/schuetzenverein-koeditz.de\/wp-content\/uploads\/2024\/02\/koenig-1024x1024.jpg 1024w, https:\/\/schuetzenverein-koeditz.de\/wp-content\/uploads\/2024\/02\/koenig-300x300.jpg 300w, https:\/\/schuetzenverein-koeditz.de\/wp-content\/uploads\/2024\/02\/koenig-150x150.jpg 150w, https:\/\/schuetzenverein-koeditz.de\/wp-content\/uploads\/2024\/02\/koenig-768x768.jpg 768w, https:\/\/schuetzenverein-koeditz.de\/wp-content\/uploads\/2024\/02\/koenig-1536x1536.jpg 1536w, https:\/\/schuetzenverein-koeditz.de\/wp-content\/uploads\/2024\/02\/koenig-2048x2048.jpg 2048w, https:\/\/schuetzenverein-koeditz.de\/wp-content\/uploads\/2024\/02\/koenig-100x100.jpg 100w\" sizes=\"auto, (max-width: 767px) 89vw, (max-width: 1000px) 54vw, (max-width: 1071px) 543px, 580px\" \/><figcaption class=\"wp-element-caption\">Jungsch\u00fctzenk\u00f6nigin: Michelle Saalfrank   Sch\u00fctzenk\u00f6nigin: Melanie Frankenberger<\/figcaption><\/figure>\n\n\n\n<h1 class=\"wp-block-heading\"><strong>K\u00f6nige 2012-2013<\/strong><\/h1>\n\n\n\n<figure class=\"wp-block-image size-large is-style-rounded\"><img loading=\"lazy\" decoding=\"async\" width=\"1024\" height=\"683\" src=\"https:\/\/schuetzenverein-koeditz.de\/wp-content\/uploads\/2024\/02\/koenig2-1024x683.jpg\" alt=\"\" class=\"wp-image-1872\" srcset=\"https:\/\/schuetzenverein-koeditz.de\/wp-content\/uploads\/2024\/02\/koenig2-1024x683.jpg 1024w, https:\/\/schuetzenverein-koeditz.de\/wp-content\/uploads\/2024\/02\/koenig2-300x200.jpg 300w, https:\/\/schuetzenverein-koeditz.de\/wp-content\/uploads\/2024\/02\/koenig2-768x512.jpg 768w, https:\/\/schuetzenverein-koeditz.de\/wp-content\/uploads\/2024\/02\/koenig2-1536x1024.jpg 1536w, https:\/\/schuetzenverein-koeditz.de\/wp-content\/uploads\/2024\/02\/koenig2-2048x1365.jpg 2048w\" sizes=\"auto, (max-width: 767px) 89vw, (max-width: 1000px) 54vw, (max-width: 1071px) 543px, 580px\" \/><figcaption class=\"wp-element-caption\">Sch\u00fctzenk\u00f6nig Joachim Ultsch   Jungsch\u00fctzenk\u00f6nig Pascal Opel   <\/figcaption><\/figure>\n\n\n\n<h1 class=\"wp-block-heading\"><strong>K\u00f6nige 2011-2012<\/strong><\/h1>\n\n\n\n<figure class=\"wp-block-image size-full is-style-rounded\"><img loading=\"lazy\" decoding=\"async\" width=\"720\" height=\"960\" src=\"https:\/\/schuetzenverein-koeditz.de\/wp-content\/uploads\/2024\/01\/koenig4.jpg\" alt=\"\" class=\"wp-image-103\" srcset=\"https:\/\/schuetzenverein-koeditz.de\/wp-content\/uploads\/2024\/01\/koenig4.jpg 720w, https:\/\/schuetzenverein-koeditz.de\/wp-content\/uploads\/2024\/01\/koenig4-225x300.jpg 225w\" sizes=\"auto, (max-width: 720px) 100vw, 720px\" \/><figcaption class=\"wp-element-caption\">Jungsch\u00fctzenk\u00f6nig Nico Fischer   Sch\u00fctzenk\u00f6nig Werner Wilfert<\/figcaption><\/figure>\n\n\n\n<h1 class=\"wp-block-heading\"><strong>K\u00f6nige 2010-2011<\/strong><\/h1>\n\n\n\n<figure class=\"wp-block-image size-full is-style-rounded\"><img loading=\"lazy\" decoding=\"async\" width=\"720\" height=\"960\" src=\"https:\/\/schuetzenverein-koeditz.de\/wp-content\/uploads\/2024\/01\/koenig5.jpg\" alt=\"\" class=\"wp-image-104\" srcset=\"https:\/\/schuetzenverein-koeditz.de\/wp-content\/uploads\/2024\/01\/koenig5.jpg 720w, https:\/\/schuetzenverein-koeditz.de\/wp-content\/uploads\/2024\/01\/koenig5-225x300.jpg 225w\" sizes=\"auto, (max-width: 720px) 100vw, 720px\" \/><figcaption class=\"wp-element-caption\">Jungsch\u00fctzenk\u00f6nig Julian H\u00e4fner   Sch\u00fctzenk\u00f6nig Joachim Langheinrich<\/figcaption><\/figure>\n","protected":false},"excerpt":{"rendered":"<p>Hier finden Sie unsere Majest\u00e4ten ! K\u00f6nige 2026-2027 K\u00f6nige 2025-2026 K\u00f6nige 2024-2025 K\u00f6nige 2023-2024 K\u00f6nige 2022-2023 K\u00f6nige 2020-2022 K\u00f6nige 2019-2020 K\u00f6nige 2018-2019 K\u00f6nige 2017-2018 K\u00f6nige 2016-2017 K\u00f6nige 2015-2016 K\u00f6nige 2014-2015 K\u00f6nige 2013-2014 K\u00f6nige 2012-2013 K\u00f6nige 2011-2012 K\u00f6nige 2010-2011<\/p>\n","protected":false},"author":1,"featured_media":0,"parent":0,"menu_order":0,"comment_status":"closed","ping_status":"closed","template":"","meta":{"ngg_post_thumbnail":0,"footnotes":""},"class_list":["post-1865","page","type-page","status-publish","hentry"],"_links":{"self":[{"href":"https:\/\/schuetzenverein-koeditz.de\/index.php\/wp-json\/wp\/v2\/pages\/1865","targetHints":{"allow":["GET"]}}],"collection":[{"href":"https:\/\/schuetzenverein-koeditz.de\/index.php\/wp-json\/wp\/v2\/pages"}],"about":[{"href":"https:\/\/schuetzenverein-koeditz.de\/index.php\/wp-json\/wp\/v2\/types\/page"}],"author":[{"embeddable":true,"href":"https:\/\/schuetzenverein-koeditz.de\/index.php\/wp-json\/wp\/v2\/users\/1"}],"replies":[{"embeddable":true,"href":"https:\/\/schuetzenverein-koeditz.de\/index.php\/wp-json\/wp\/v2\/comments?post=1865"}],"version-history":[{"count":11,"href":"https:\/\/schuetzenverein-koeditz.de\/index.php\/wp-json\/wp\/v2\/pages\/1865\/revisions"}],"predecessor-version":[{"id":4565,"href":"https:\/\/schuetzenverein-koeditz.de\/index.php\/wp-json\/wp\/v2\/pages\/1865\/revisions\/4565"}],"wp:attachment":[{"href":"https:\/\/schuetzenverein-koeditz.de\/index.php\/wp-json\/wp\/v2\/media?parent=1865"}],"curies":[{"name":"wp","href":"https:\/\/api.w.org\/{rel}","templated":true}]}}