{"id":1862,"date":"2024-02-12T15:31:09","date_gmt":"2024-02-12T14:31:09","guid":{"rendered":"http:\/\/192.168.178.147\/?page_id=1862"},"modified":"2024-02-12T17:34:27","modified_gmt":"2024-02-12T16:34:27","slug":"bildergalerie-2019","status":"publish","type":"page","link":"https:\/\/schuetzenverein-koeditz.de\/index.php\/bildergalerie-2019\/","title":{"rendered":"Bildergalerie 2019"},"content":{"rendered":"\n<p><a href=\"https:\/\/schuetzenverein-koeditz.de\/index.php\/kinderfasching-2019\/\" data-type=\"page\" data-id=\"1788\">Kinderfasching 2019<\/a><\/p>\n\n\n\n<p><a href=\"https:\/\/schuetzenverein-koeditz.de\/index.php\/2019-sauessen\/\" data-type=\"page\" data-id=\"43\">Sauessen 2019<\/a><\/p>\n\n\n\n<p><a href=\"https:\/\/schuetzenverein-koeditz.de\/index.php\/gauschuetzentag-2019\/\" data-type=\"page\" data-id=\"1772\">Gausch\u00fctzentag 2019<\/a><\/p>\n\n\n\n<p><a href=\"https:\/\/schuetzenverein-koeditz.de\/index.php\/kreisgartentag-koeditz-2019\/\" data-type=\"page\" data-id=\"1791\">Kreisgartentag K\u00f6ditz 2019<\/a><\/p>\n\n\n\n<p><a href=\"https:\/\/schuetzenverein-koeditz.de\/index.php\/wartleitenfest-2019\/\" data-type=\"page\" data-id=\"1798\">Wartleitenfest 2019<\/a><\/p>\n\n\n\n<p><a href=\"https:\/\/schuetzenverein-koeditz.de\/index.php\/schuetzenausflug-marktbreit-2019\/\" data-type=\"page\" data-id=\"1801\">Sch\u00fctzenausflug Marktbreit 2019<\/a><\/p>\n\n\n\n<p><a href=\"https:\/\/schuetzenverein-koeditz.de\/index.php\/hoheiten-laden-ein-2019\/\" data-type=\"page\" data-id=\"1785\">Hoheiten laden ein 2019<\/a><\/p>\n\n\n\n<p><a href=\"https:\/\/schuetzenverein-koeditz.de\/index.php\/weihnachtsfeier-2019\/\" data-type=\"page\" data-id=\"1794\">Weihnachtsfeier 2019<\/a><\/p>\n","protected":false},"excerpt":{"rendered":"<p>Kinderfasching 2019 Sauessen 2019 Gausch\u00fctzentag 2019 Kreisgartentag K\u00f6ditz 2019 Wartleitenfest 2019 Sch\u00fctzenausflug Marktbreit 2019 Hoheiten laden ein 2019 Weihnachtsfeier 2019<\/p>\n","protected":false},"author":1,"featured_media":0,"parent":0,"menu_order":0,"comment_status":"closed","ping_status":"closed","template":"","meta":{"ngg_post_thumbnail":0,"footnotes":""},"class_list":["post-1862","page","type-page","status-publish","hentry"],"_links":{"self":[{"href":"https:\/\/schuetzenverein-koeditz.de\/index.php\/wp-json\/wp\/v2\/pages\/1862","targetHints":{"allow":["GET"]}}],"collection":[{"href":"https:\/\/schuetzenverein-koeditz.de\/index.php\/wp-json\/wp\/v2\/pages"}],"about":[{"href":"https:\/\/schuetzenverein-koeditz.de\/index.php\/wp-json\/wp\/v2\/types\/page"}],"author":[{"embeddable":true,"href":"https:\/\/schuetzenverein-koeditz.de\/index.php\/wp-json\/wp\/v2\/users\/1"}],"replies":[{"embeddable":true,"href":"https:\/\/schuetzenverein-koeditz.de\/index.php\/wp-json\/wp\/v2\/comments?post=1862"}],"version-history":[{"count":3,"href":"https:\/\/schuetzenverein-koeditz.de\/index.php\/wp-json\/wp\/v2\/pages\/1862\/revisions"}],"predecessor-version":[{"id":1893,"href":"https:\/\/schuetzenverein-koeditz.de\/index.php\/wp-json\/wp\/v2\/pages\/1862\/revisions\/1893"}],"wp:attachment":[{"href":"https:\/\/schuetzenverein-koeditz.de\/index.php\/wp-json\/wp\/v2\/media?parent=1862"}],"curies":[{"name":"wp","href":"https:\/\/api.w.org\/{rel}","templated":true}]}}